{"id":981,"date":"2018-08-30T11:29:51","date_gmt":"2018-08-30T14:29:51","guid":{"rendered":"https:\/\/enscdbustos-cba.infd.edu.ar\/sitio\/boletin-informativo-biologia-en-accion\/"},"modified":"2018-08-30T11:29:51","modified_gmt":"2018-08-30T14:29:51","slug":"boletin-informativo-biologia-en-accion","status":"publish","type":"page","link":"https:\/\/enscdbustos-cba.infd.edu.ar\/sitio\/boletin-informativo-biologia-en-accion\/","title":{"rendered":"Bolet\u00edn informativo  &#8211; Biolog\u00eda en acci\u00f3n"},"content":{"rendered":"<p>Somos estudiantes de 2&deg; a&ntilde;o del Profesorado de Educaci&oacute;n Secundaria en Biolog&iacute;a y desde el Taller Integrador II comenzamos a editar un bolet&iacute;n informativo junto a las profesoras Evelina Tisera, Sabrina Silva y Eliana C&oacute;rdoba. En este bolet&iacute;n encontrar&aacute;n informaci&oacute;n muy variada: presentaci&oacute;n de software educativos, sugerencias did&aacute;cticas destinadas a los estudiantes para trabajar en las aulas a la hora de realizar las pr&aacute;cticas docentes, entrevistas y acontecimientos que se llevan a cabo en nuestra instituci&oacute;n, viajes educativos, congresos, etc.<\/p>\n<div>Los invitamos a leer nuestra producci&oacute;n y adem&aacute;s a participar de nuestro bolet&iacute;n informativo compartiendo datos, congresos, jornadas, curiosidades cient&iacute;ficas, todo &nbsp;relacionado con el &aacute;rea de las Ciencias Naturales y la Biolog&iacute;a. &nbsp;<\/div>\n<div>&nbsp;<\/div>\n<div><strong>Estudiantes de 2&deg; a&ntilde;o del Profesorado de Educaci&oacute;n Secundaria en Biolog&iacute;a.<\/strong><\/div>\n<div><iframe loading=\"lazy\" style=\"border: 1px solid #CCC; border-width: 1px 1px 0; margin-bottom: 5px; max-width: 100%;\" frameborder=\"0\" height=\"511\" marginheight=\"0\" marginwidth=\"0\" scrolling=\"no\" src=\"http:\/\/www.slideshare.net\/slideshow\/embed_code\/35498327?wmode=transparent\" width=\"479\"><\/iframe><\/p>\n<div style=\"margin-bottom: 5px;\"><strong> <a title=\"Bolet&iacute;n informativo N&deg; 1 - Biolog&iacute;a en acci&oacute;n\" href=\"https:\/\/www.slideshare.net\/andreabartolucci1978\/boletn-informativo-n-1-biologa-en-accin\" target=\"_blank\">Bolet&iacute;n informativo N&deg; 1 &#8211; Biolog&iacute;a en acci&oacute;n<\/a> <\/strong> from <strong><a href=\"http:\/\/www.slideshare.net\/andreabartolucci1978\" target=\"_blank\">andreabartolucci1978<\/a><\/strong><\/div>\n<\/div>\n","protected":false},"excerpt":{"rendered":"<p>Somos estudiantes de 2&deg; a&ntilde;o del Profesorado de Educaci&oacute;n Secundaria en Biolog&iacute;a y desde el Taller Integrador II comenzamos a editar un bolet&iacute;n informativo junto a las profesoras Evelina Tisera, Sabrina Silva y Eliana C&oacute;rdoba. En este bolet&iacute;n encontrar&aacute;n informaci&oacute;n muy variada: presentaci&oacute;n de software educativos, sugerencias did&aacute;cticas destinadas a los estudiantes para trabajar en &#8230; <a title=\"Bolet\u00edn informativo  &#8211; Biolog\u00eda en acci\u00f3n\" class=\"read-more\" href=\"https:\/\/enscdbustos-cba.infd.edu.ar\/sitio\/boletin-informativo-biologia-en-accion\/\" aria-label=\"More on Bolet\u00edn informativo  &#8211; Biolog\u00eda en acci\u00f3n\">[+]<\/a><\/p>\n","protected":false},"author":11,"featured_media":0,"parent":0,"menu_order":0,"comment_status":"closed","ping_status":"closed","template":"","meta":[],"acf":[],"_links":{"self":[{"href":"https:\/\/enscdbustos-cba.infd.edu.ar\/sitio\/wp-json\/wp\/v2\/pages\/981"}],"collection":[{"href":"https:\/\/enscdbustos-cba.infd.edu.ar\/sitio\/wp-json\/wp\/v2\/pages"}],"about":[{"href":"https:\/\/enscdbustos-cba.infd.edu.ar\/sitio\/wp-json\/wp\/v2\/types\/page"}],"author":[{"embeddable":true,"href":"https:\/\/enscdbustos-cba.infd.edu.ar\/sitio\/wp-json\/wp\/v2\/users\/11"}],"replies":[{"embeddable":true,"href":"https:\/\/enscdbustos-cba.infd.edu.ar\/sitio\/wp-json\/wp\/v2\/comments?post=981"}],"version-history":[{"count":0,"href":"https:\/\/enscdbustos-cba.infd.edu.ar\/sitio\/wp-json\/wp\/v2\/pages\/981\/revisions"}],"wp:attachment":[{"href":"https:\/\/enscdbustos-cba.infd.edu.ar\/sitio\/wp-json\/wp\/v2\/media?parent=981"}],"curies":[{"name":"wp","href":"https:\/\/api.w.org\/{rel}","templated":true}]}}