{"id":975,"date":"2018-08-30T11:29:48","date_gmt":"2018-08-30T14:29:48","guid":{"rendered":"https:\/\/enscdbustos-cba.infd.edu.ar\/sitio\/carreras-de-formacion-tecnica\/"},"modified":"2023-10-17T21:25:14","modified_gmt":"2023-10-18T00:25:14","slug":"carreras-de-formacion-tecnica","status":"publish","type":"page","link":"https:\/\/enscdbustos-cba.infd.edu.ar\/sitio\/carreras-de-formacion-tecnica\/","title":{"rendered":"Perfil del T\u00e9cnico:"},"content":{"rendered":"<p>La Tecnicatura Superior en Maquinarias y Equipos Agropecuarios se orienta a obtener un profesional capacitado en el funcionamiento y uso de las maquinarias, los equipos y las instalaciones agropecuarias, dominando aspectos t\u00e9cnicos relacionados con su montaje e instalaci\u00f3n para la producci\u00f3n agropecuaria.<\/p>\n<p>Su amplia capacitaci\u00f3n le permitir\u00e1 innovar e implantar los avances tecnol\u00f3gicos al sector espec\u00edfico de su formaci\u00f3n, dando respuestas concretas a las diferentes necesidades mediante un aprovechamiento integral de los recursos.<\/p>\n<p>Capacitado para trabajos interdisciplinarios podr\u00e1 colaborar en el dise\u00f1o y optimizaci\u00f3n de la maquinaria o equipos agropecuarios.<\/p>\n<p>As\u00ed mismo, por su competente formaci\u00f3n, est\u00e1 preparado para llevar adelante tareas de asesoramiento acerca de la correcta operaci\u00f3n de una maquinaria o equipo agropecuario, pudiendo asistir t\u00e9cnicamente a establecimientos del sector respecto a los mismos y a las instalaciones especiales, como as\u00ed tambi\u00e9n podr\u00e1 supervisar su mantenimiento.<\/p>\n<p>Sus conocimientos integrales le permitir\u00e1n comprender y aplicar el marco jur\u00eddico que regula las actividades del sector en vinculaci\u00f3n con el medio ambiente, las norma de higiene y seguridad en el trabajo y su relaci\u00f3n especifica con las maquinarias agr\u00edcolas.<\/p>\n<p>Para cumplir con estas funciones el t\u00e9cnico posee conocimientos espec\u00edficos, motivo por el cual tambi\u00e9n es competente para cumplir con tareas de evaluaci\u00f3n de desempe\u00f1o, calidad y adaptabilidad\u00a0 de la maquinaria.<\/p>\n<p>Podr\u00e1 desempe\u00f1arse ejerciendo los quehaceres propios de su sector de formaci\u00f3n en : empresas fabricantes de maquinarias y equipos agropecuarios, concesionarios de maquinarias y equipos agropecuarios y empresas de servicios desinadas a la producci\u00f3n agr\u00edcolo \u2013 ganadera.<\/p>\n<p>Adem\u00e1s, este profesional t\u00e9cnico posee una formaci\u00f3n integral que le permite la generaci\u00f3n y\/o participaci\u00f3n de emprendimientos vinculados con \u00e1reas de su profesi\u00f3n.<\/p>\n<p class=\"ecxMsoNormal\">\n","protected":false},"excerpt":{"rendered":"<p>La Tecnicatura Superior en Maquinarias y Equipos Agropecuarios se orienta a obtener un profesional capacitado en el funcionamiento y uso de las maquinarias, los equipos y las instalaciones agropecuarias, dominando aspectos t\u00e9cnicos relacionados con su montaje e instalaci\u00f3n para la producci\u00f3n agropecuaria. Su amplia capacitaci\u00f3n le permitir\u00e1 innovar e implantar los avances tecnol\u00f3gicos al sector &#8230; <a title=\"Perfil del T\u00e9cnico:\" class=\"read-more\" href=\"https:\/\/enscdbustos-cba.infd.edu.ar\/sitio\/carreras-de-formacion-tecnica\/\" aria-label=\"More on Perfil del T\u00e9cnico:\">[+]<\/a><\/p>\n","protected":false},"author":619,"featured_media":0,"parent":0,"menu_order":0,"comment_status":"closed","ping_status":"closed","template":"","meta":[],"acf":[],"_links":{"self":[{"href":"https:\/\/enscdbustos-cba.infd.edu.ar\/sitio\/wp-json\/wp\/v2\/pages\/975"}],"collection":[{"href":"https:\/\/enscdbustos-cba.infd.edu.ar\/sitio\/wp-json\/wp\/v2\/pages"}],"about":[{"href":"https:\/\/enscdbustos-cba.infd.edu.ar\/sitio\/wp-json\/wp\/v2\/types\/page"}],"author":[{"embeddable":true,"href":"https:\/\/enscdbustos-cba.infd.edu.ar\/sitio\/wp-json\/wp\/v2\/users\/619"}],"replies":[{"embeddable":true,"href":"https:\/\/enscdbustos-cba.infd.edu.ar\/sitio\/wp-json\/wp\/v2\/comments?post=975"}],"version-history":[{"count":2,"href":"https:\/\/enscdbustos-cba.infd.edu.ar\/sitio\/wp-json\/wp\/v2\/pages\/975\/revisions"}],"predecessor-version":[{"id":1438,"href":"https:\/\/enscdbustos-cba.infd.edu.ar\/sitio\/wp-json\/wp\/v2\/pages\/975\/revisions\/1438"}],"wp:attachment":[{"href":"https:\/\/enscdbustos-cba.infd.edu.ar\/sitio\/wp-json\/wp\/v2\/media?parent=975"}],"curies":[{"name":"wp","href":"https:\/\/api.w.org\/{rel}","templated":true}]}}