{"id":967,"date":"2018-08-30T11:29:44","date_gmt":"2018-08-30T14:29:44","guid":{"rendered":"https:\/\/enscdbustos-cba.infd.edu.ar\/sitio\/consejo-institucional\/"},"modified":"2024-11-26T19:36:05","modified_gmt":"2024-11-26T22:36:05","slug":"consejo-institucional","status":"publish","type":"page","link":"https:\/\/enscdbustos-cba.infd.edu.ar\/sitio\/consejo-institucional\/","title":{"rendered":"Consejo Institucional"},"content":{"rendered":"<p style=\"text-align: center;\"><strong><span style=\"color: #3366ff;\" data-mce-mark=\"1\">CONSEJO INSTITUCIONAL &#8211; Per\u00edodo 2024-2026<\/span><\/strong><\/p>\n<p style=\"text-align: justify;\">Es el \u00f3rgano colegiado en la Instituci\u00f3n de Educaci\u00f3n Superior, que colabora con el equipo directivo en la gesti\u00f3n, orientaci\u00f3n, asesoramiento y supervisi\u00f3n de la gesti\u00f3n del proyecto institucional, promoviendo la participaci\u00f3n de los claustros que lo componen. Su existencia, regulaci\u00f3n y funcionamiento tienen car\u00e1cter obligatorio en las Instituciones de Educaci\u00f3n Superior.<\/p>\n<p>Conforman el Consejo Institucional:<\/p>\n<p><span style=\"text-decoration: underline;\">Directora<\/span>: <strong>Prof. Melina MAZZA.<\/strong><\/p>\n<p><span style=\"text-decoration: underline;\">Vicedirectora<\/span>: <strong>Prof. Laura MEDINA.<\/strong><\/p>\n<p><span style=\"text-decoration: underline;\">Claustro Docente<\/span>:<\/p>\n<p><strong>Profesorado de Educaci\u00f3n Inicial :\u00a0\u00a0<\/strong>Prof.\u00a0 Victoria FIORDANI<\/p>\n<p>Suplente : Prof. Marianela ALVAREZ<\/p>\n<p><strong>Profesorado de Educaci\u00f3n Primaria<\/strong> : Prof. Laura MEDINA<\/p>\n<p>Suplente: Prof. Samanta MAGALLANES<\/p>\n<p><strong>Profesorado de Ed. Secundaria en Biolog\u00eda:<\/strong> Prof. Mar\u00eda Josefina DEFENDI<\/p>\n<p>Suplente : Prof. Eliana C\u00d3RDOBA<\/p>\n<p><strong>Tecnicaturas Superiores<\/strong> :Ing. Dar\u00edo V\u00c9LEZ<\/p>\n<p>Suplente: M\u00e9d. Vet. Mar\u00eda Clara GOBBATO<\/p>\n<p><strong>Cargos docentes<\/strong> : Prof. D\u00e9bora NIETO<\/p>\n<p>Suplente: Prof. Andrea BARTOLUCCI<\/p>\n<p><span style=\"text-decoration: underline;\">Claustro Estudiantil<\/span>: <strong><br \/>\n<\/strong><\/p>\n<p><strong>Profesorado de Educaci\u00f3n Inicial :\u00a0<\/strong>Laila CENTENO<\/p>\n<p>Suplente: Gina ALESSANDRELLI<\/p>\n<p><strong>Profesorado de Educaci\u00f3n Primaria<\/strong> : Shirli LUNGHI<\/p>\n<p>Suplente: Nicole SULGAY<\/p>\n<p><strong>Profesorado de Educaci\u00f3n Secundaria en Biolog\u00eda<\/strong> : Stefania SILVA<\/p>\n<p>Suplente: L\u00eda PERKOVICH<\/p>\n<p><strong>Tecnicaturas Superiores:<\/strong> Ma. Luz RENZI<\/p>\n<p>Suplente: Pamela LEDESMA<\/p>\n<p><span style=\"text-decoration: underline;\">Claustro Graduados<\/span>:<\/p>\n<p>Prof. Lina MADER\u00d3N<\/p>\n<p>Suplente: Prof. Victoria FREYTES<\/p>\n","protected":false},"excerpt":{"rendered":"<p>CONSEJO INSTITUCIONAL &#8211; Per\u00edodo 2024-2026 Es el \u00f3rgano colegiado en la Instituci\u00f3n de Educaci\u00f3n Superior, que colabora con el equipo directivo en la gesti\u00f3n, orientaci\u00f3n, asesoramiento y supervisi\u00f3n de la gesti\u00f3n del proyecto institucional, promoviendo la participaci\u00f3n de los claustros que lo componen. Su existencia, regulaci\u00f3n y funcionamiento tienen car\u00e1cter obligatorio en las Instituciones de &#8230; <a title=\"Consejo Institucional\" class=\"read-more\" href=\"https:\/\/enscdbustos-cba.infd.edu.ar\/sitio\/consejo-institucional\/\" aria-label=\"More on Consejo Institucional\">[+]<\/a><\/p>\n","protected":false},"author":11,"featured_media":0,"parent":0,"menu_order":0,"comment_status":"closed","ping_status":"closed","template":"","meta":[],"acf":[],"_links":{"self":[{"href":"https:\/\/enscdbustos-cba.infd.edu.ar\/sitio\/wp-json\/wp\/v2\/pages\/967"}],"collection":[{"href":"https:\/\/enscdbustos-cba.infd.edu.ar\/sitio\/wp-json\/wp\/v2\/pages"}],"about":[{"href":"https:\/\/enscdbustos-cba.infd.edu.ar\/sitio\/wp-json\/wp\/v2\/types\/page"}],"author":[{"embeddable":true,"href":"https:\/\/enscdbustos-cba.infd.edu.ar\/sitio\/wp-json\/wp\/v2\/users\/11"}],"replies":[{"embeddable":true,"href":"https:\/\/enscdbustos-cba.infd.edu.ar\/sitio\/wp-json\/wp\/v2\/comments?post=967"}],"version-history":[{"count":5,"href":"https:\/\/enscdbustos-cba.infd.edu.ar\/sitio\/wp-json\/wp\/v2\/pages\/967\/revisions"}],"predecessor-version":[{"id":1520,"href":"https:\/\/enscdbustos-cba.infd.edu.ar\/sitio\/wp-json\/wp\/v2\/pages\/967\/revisions\/1520"}],"wp:attachment":[{"href":"https:\/\/enscdbustos-cba.infd.edu.ar\/sitio\/wp-json\/wp\/v2\/media?parent=967"}],"curies":[{"name":"wp","href":"https:\/\/api.w.org\/{rel}","templated":true}]}}