{"id":960,"date":"2018-08-30T11:29:41","date_gmt":"2018-08-30T14:29:41","guid":{"rendered":"https:\/\/enscdbustos-cba.infd.edu.ar\/sitio\/perfil-del-tecnico\/"},"modified":"2023-10-17T21:25:54","modified_gmt":"2023-10-18T00:25:54","slug":"perfil-del-tecnico","status":"publish","type":"page","link":"https:\/\/enscdbustos-cba.infd.edu.ar\/sitio\/perfil-del-tecnico\/","title":{"rendered":"Perfil Profesional"},"content":{"rendered":"<p style=\"text-align: center;\">\u00a0<\/p>\n<p>El T\u00e9cnico Superior en Administraci\u00f3n est\u00e1 capacitado para planificar, coordinar y controlar los recursos necesarios para llevar adelante las funciones de las \u00e1reas administrativas, atendiendo a los desaf\u00edos, necesidades y problem\u00e1ticas del contexto econ\u00f3mico y social en el que act\u00fae.<\/p>\n<p>Es un profesional capacitado para coordinar y operar actividades y procesos propios de la administraci\u00f3n y registraci\u00f3n contable, las compras, las ventas, los recursos financieros, humanos y de producci\u00f3n y en el uso de todo tipo de herramientas inform\u00e1ticas y de softwares de gesti\u00f3n espec\u00edficos de su campo profesional.<\/p>\n<p>Puede tomar decisiones, incluso aquellas no programadas dentro de su \u00e1rea de gesti\u00f3n actuando de manera proactiva, y desempe\u00f1arse realizando tareas de supervisi\u00f3n sobre personal de menor o igual jerarqu\u00eda, que est\u00e9n a su cargo, desarrollando actitudes de liderazgo y trabajo en equipo, en un contexto competitivo y cambiante, optimizando la utilizaci\u00f3n de los recursos de organizaci\u00f3n.<\/p>\n<p>Las actividades que desarrolla y su alcance tienen relaci\u00f3n con el tama\u00f1o de la organizaci\u00f3n, as\u00ed en grandes organizaciones est\u00e1 capacitado para realizar operaciones en \u00e1reas funcionales, incluso c\u00f3mo personal de mandos medio, como as\u00ed tambi\u00e9n colaborar y participar en tareas de gesti\u00f3n estrat\u00e9gica, planeamiento, direcci\u00f3n y control. Mientras que, en pymes, su actividad puede alcanzar a toda la organizaci\u00f3n, con responsabilidad sobre los recursos que gestiona y administra, tomando decisiones y resolviendo las variadas problem\u00e1ticas que se presenten.<\/p>\n<p>El T\u00e9cnico Superior en Administraci\u00f3n cuenta con una s\u00f3lida formaci\u00f3n, que le permite planificar, organizar y gestionar sus propios emprendimientos. Adem\u00e1s, toda su actuaci\u00f3n est\u00e1 orientada por principios \u00e9ticos y criterios de responsabilidad social.<\/p>\n\n\n<p><\/p>\n","protected":false},"excerpt":{"rendered":"<p>\u00a0 El T\u00e9cnico Superior en Administraci\u00f3n est\u00e1 capacitado para planificar, coordinar y controlar los recursos necesarios para llevar adelante las funciones de las \u00e1reas administrativas, atendiendo a los desaf\u00edos, necesidades y problem\u00e1ticas del contexto econ\u00f3mico y social en el que act\u00fae. Es un profesional capacitado para coordinar y operar actividades y procesos propios de la &#8230; <a title=\"Perfil Profesional\" class=\"read-more\" href=\"https:\/\/enscdbustos-cba.infd.edu.ar\/sitio\/perfil-del-tecnico\/\" aria-label=\"More on Perfil Profesional\">[+]<\/a><\/p>\n","protected":false},"author":619,"featured_media":0,"parent":0,"menu_order":0,"comment_status":"closed","ping_status":"closed","template":"","meta":[],"acf":[],"_links":{"self":[{"href":"https:\/\/enscdbustos-cba.infd.edu.ar\/sitio\/wp-json\/wp\/v2\/pages\/960"}],"collection":[{"href":"https:\/\/enscdbustos-cba.infd.edu.ar\/sitio\/wp-json\/wp\/v2\/pages"}],"about":[{"href":"https:\/\/enscdbustos-cba.infd.edu.ar\/sitio\/wp-json\/wp\/v2\/types\/page"}],"author":[{"embeddable":true,"href":"https:\/\/enscdbustos-cba.infd.edu.ar\/sitio\/wp-json\/wp\/v2\/users\/619"}],"replies":[{"embeddable":true,"href":"https:\/\/enscdbustos-cba.infd.edu.ar\/sitio\/wp-json\/wp\/v2\/comments?post=960"}],"version-history":[{"count":4,"href":"https:\/\/enscdbustos-cba.infd.edu.ar\/sitio\/wp-json\/wp\/v2\/pages\/960\/revisions"}],"predecessor-version":[{"id":1439,"href":"https:\/\/enscdbustos-cba.infd.edu.ar\/sitio\/wp-json\/wp\/v2\/pages\/960\/revisions\/1439"}],"wp:attachment":[{"href":"https:\/\/enscdbustos-cba.infd.edu.ar\/sitio\/wp-json\/wp\/v2\/media?parent=960"}],"curies":[{"name":"wp","href":"https:\/\/api.w.org\/{rel}","templated":true}]}}