{"id":931,"date":"2018-08-30T11:29:28","date_gmt":"2018-08-30T14:29:28","guid":{"rendered":"https:\/\/enscdbustos-cba.infd.edu.ar\/sitio\/docentes\/"},"modified":"2025-06-03T20:16:50","modified_gmt":"2025-06-03T23:16:50","slug":"docentes","status":"publish","type":"page","link":"https:\/\/enscdbustos-cba.infd.edu.ar\/sitio\/docentes\/","title":{"rendered":"Docentes"},"content":{"rendered":"<p><strong>PERSONAL DIRECTIVO<\/strong><\/p>\n<ul>\n<li>MAZZA, Melina<\/li>\n<li>MEDINA, Laura<\/li>\n<\/ul>\n<p><strong>SECRETARIA<\/strong><\/p>\n<ul>\n<li>BISCHOF, Karina<\/li>\n<\/ul>\n<p><strong>\u00a0PRO SECRETARIA<\/strong><\/p>\n<ul>\n<li>MARIATTI, Cecilia<\/li>\n<\/ul>\n<p><strong>COORDINADORAS DE ENSE\u00d1ANZA SUPERIOR<\/strong><\/p>\n<ul>\n<li>BARTOLUCCI, Andrea<\/li>\n<li>PIERDOM\u00c9NICO, Yanina<\/li>\n<\/ul>\n<p><strong>PRECEPTORAS<\/strong><\/p>\n<ul>\n<li>BIANCONI, Gabriela<\/li>\n<li>LATAR, Mariela<\/li>\n<\/ul>\n<p><strong>BIBLIOTECARIA<\/strong><\/p>\n<ul>\n<li>NIETO, D\u00e9bora<\/li>\n<\/ul>\n<p><strong>CUERPO DOCENTE &#8211; ISFD<\/strong><\/p>\n<p style=\"text-align: center;\">\u00a0\u00a0\u00a0\u00a0<strong>PROFESORADO DE EDUCACI\u00d3N INICIAL<\/strong><\/p>\n<p><strong>\u00a0<\/strong><strong>PRIMER A\u00d1O:<\/strong><\/p>\n<table style=\"height: 576px;\" border=\"1\" width=\"1014\" cellspacing=\"0\" cellpadding=\"0\">\n<tbody>\n<tr>\n<td valign=\"top\" width=\"338\"><strong>ASIGNATURA<\/strong><\/td>\n<td valign=\"top\" width=\"300\"><strong>DOCENTE<\/strong><\/td>\n<\/tr>\n<tr>\n<td valign=\"top\" width=\"338\">Pedagog\u00eda<\/td>\n<td width=\"300\">EMILIOZZI, Ver\u00f3nica<\/td>\n<\/tr>\n<tr>\n<td valign=\"top\" width=\"338\">Problem\u00e1ticas Socioantropol\u00f3gicas en Educaci\u00f3n<\/td>\n<td width=\"300\">CORLETTA, Micaela<\/td>\n<\/tr>\n<tr>\n<td valign=\"top\" width=\"338\">Psicolog\u00eda y Educaci\u00f3n<\/td>\n<td width=\"300\">C\u00d3RDOBA, Eliana<\/td>\n<\/tr>\n<tr>\n<td valign=\"top\" width=\"338\">Argentina en el Mundo Contempor\u00e1neo<\/td>\n<td width=\"300\">MAGALLANES, Samanta<\/td>\n<\/tr>\n<tr>\n<td valign=\"top\" width=\"338\">Lenguaje Digital y Audiovisual<\/td>\n<td width=\"300\">GUISOT, Roc\u00edo (Suplente)<\/td>\n<\/tr>\n<tr>\n<td valign=\"top\" width=\"338\">Lenguaje Corporal<\/td>\n<td width=\"300\">SANTINI, Carina<\/td>\n<\/tr>\n<tr>\n<td valign=\"top\" width=\"338\">Pr\u00e1ctica Docente I: Contextos y Pr\u00e1cticas Educativas<\/td>\n<td width=\"300\">FIORDANI, Ma. Victoria (Suplente)<\/td>\n<\/tr>\n<tr>\n<td valign=\"top\" width=\"338\">Educaci\u00f3n Inicial: Jard\u00edn Maternal<\/td>\n<td width=\"300\">FIORDANI, Ma. Victoria<\/td>\n<\/tr>\n<tr>\n<td valign=\"top\" width=\"338\">Oralidad, Lectura y Escritura<\/td>\n<td width=\"300\">QUADRI, Nora<\/td>\n<\/tr>\n<tr>\n<td valign=\"top\" width=\"338\">Seminario I: El Desarrollo del Ni\u00f1o en la Primera InfanciaAlfabetizaci\u00f3n en Lengua Inglesa<\/p>\n<p>Educaci\u00f3n Art\u00edstica M\u00fasica<\/td>\n<td width=\"300\">GARNERO, Ma. GabrielaCALVO, Alejandra<\/p>\n<p>VANNAY, Arnaldo<\/td>\n<\/tr>\n<\/tbody>\n<\/table>\n<p><strong>SEGUNDO A\u00d1O:<\/strong><\/p>\n<table style=\"width: 1022px; height: 872px;\" border=\"1\" cellspacing=\"0\" cellpadding=\"0\">\n<tbody>\n<tr>\n<td valign=\"top\" width=\"338\"><strong>ASIGNATURA<\/strong><\/td>\n<td valign=\"top\" width=\"302\"><strong>DOCENTE<\/strong><\/td>\n<\/tr>\n<tr>\n<td valign=\"top\" width=\"338\">Filosof\u00eda y Educaci\u00f3n<\/td>\n<td width=\"302\">LLIN\u00c1S, Trinidad (Suplente)<\/td>\n<\/tr>\n<tr>\n<td valign=\"top\" width=\"338\">Did\u00e1ctica General<\/td>\n<td width=\"302\">C\u00d3RDOBA, Eliana<\/td>\n<\/tr>\n<tr>\n<td valign=\"top\" width=\"338\">Pr\u00e1ctica Docente II: Escuelas, Historias Documentadas y Cotidianeidad<\/td>\n<td width=\"302\">LLIN\u00c1S, Trinidad (Suplente)<\/td>\n<\/tr>\n<tr>\n<td valign=\"top\" width=\"338\">Desarrollo del Pensamiento Matem\u00e1tico<\/td>\n<td width=\"302\">SOSA, Paola<\/td>\n<\/tr>\n<tr>\n<td valign=\"top\" width=\"338\">Lengua : -Lengua y su Did\u00e1ctica-Alfabetizaci\u00f3n Inicial<\/td>\n<td width=\"302\">FREYTES, Natal\u00ed<\/td>\n<\/tr>\n<tr>\n<td valign=\"top\" width=\"338\">Ciencias Naturales y su Did\u00e1ctica<\/td>\n<td width=\"302\">ALVAREZ, Marianela<\/td>\n<\/tr>\n<tr>\n<td valign=\"top\" width=\"338\">Educaci\u00f3n Art\u00edstica: Pl\u00e1stica<\/td>\n<td width=\"302\">MARTORANA, Bianca<\/td>\n<\/tr>\n<tr>\n<td valign=\"top\" width=\"338\">TIC y la Ense\u00f1anza en el Nivel Inicial<\/td>\n<td width=\"302\">URRACO, Hugo (Suplente)<\/td>\n<\/tr>\n<tr>\n<td valign=\"top\" width=\"338\">Sujetos de la Educaci\u00f3n y Convivencia Escolar<\/td>\n<td width=\"302\">C\u00d3RDOBA, Eliana<\/td>\n<\/tr>\n<tr>\n<td valign=\"top\" width=\"338\">Seminario II: Abordajes Pedag\u00f3gicos en el Ni\u00f1o con Necesidades Especiales<\/p>\n<p>Dise\u00f1o y Construcci\u00f3n de Materiales Did\u00e1cticos<\/td>\n<td width=\"302\">GARNERO, Ma. Gabriela<\/p>\n<p>MARTORANA, Bianca<\/td>\n<\/tr>\n<\/tbody>\n<\/table>\n<p><strong>TERCER A\u00d1O:<\/strong><\/p>\n<table border=\"1\" cellspacing=\"0\" cellpadding=\"0\">\n<tbody>\n<tr>\n<td valign=\"top\" width=\"338\"><strong>ASIGNATURA<\/strong><\/td>\n<td valign=\"top\" width=\"302\"><strong>DOCENTE<\/strong><\/td>\n<\/tr>\n<tr>\n<td valign=\"top\" width=\"338\">Historia y Pol\u00edtica de la Educaci\u00f3n Argentina<\/td>\n<td width=\"302\">DANIELE, Melania<\/td>\n<\/tr>\n<tr>\n<td valign=\"top\" width=\"338\">Pr\u00e1ctica Docente III: El Aula: Espacio del Aprender y del Ense\u00f1ar<\/td>\n<td width=\"302\">FIORDANI, Ma. Victoria (Suplente)<\/td>\n<\/tr>\n<tr>\n<td valign=\"top\" width=\"338\">Matem\u00e1tica y su Did\u00e1ctica<\/td>\n<td width=\"302\">\u00a0SOSA, Paola<\/td>\n<\/tr>\n<tr>\n<td valign=\"top\" width=\"338\">Literatura en el Nivel Inicial<\/td>\n<td width=\"302\">GARBERO, Luc\u00eda<\/td>\n<\/tr>\n<tr>\n<td valign=\"top\" width=\"338\">Ciencias Naturales: &#8211; Educaci\u00f3n para la Salud- Educaci\u00f3n Ambiental<\/td>\n<td width=\"302\">LESSIO, Candela (Suplente)<\/td>\n<\/tr>\n<tr>\n<td valign=\"top\" width=\"338\">Ciencias Sociales y su Did\u00e1ctica<\/td>\n<td width=\"302\">DANIELE, Melania<\/td>\n<\/tr>\n<tr>\n<td valign=\"top\" width=\"338\">Educaci\u00f3n F\u00edsica en JM y Jl<\/td>\n<td width=\"302\">SANTINI, Carina<\/td>\n<\/tr>\n<tr>\n<td valign=\"top\" width=\"338\">Trabajo de Campo<\/td>\n<td width=\"302\">C\u00d3RDOBA, Eliana (Suplente)<\/td>\n<\/tr>\n<\/tbody>\n<\/table>\n<p><strong>CUARTO A\u00d1O:<\/strong><\/p>\n<table style=\"width: 1015px; height: 608px;\" border=\"1\" cellspacing=\"0\" cellpadding=\"0\">\n<tbody>\n<tr style=\"height: 36px;\">\n<td style=\"height: 36px;\" valign=\"top\" width=\"338\"><strong>ASIGNATURA<\/strong><\/td>\n<td style=\"height: 36px;\" valign=\"top\" width=\"302\"><strong>DOCENTE<\/strong><\/td>\n<\/tr>\n<tr style=\"height: 61px;\">\n<td style=\"height: 61px;\" valign=\"top\" width=\"338\">\u00c9tica y Construcci\u00f3n de la Ciudadan\u00eda<\/td>\n<td style=\"height: 61px;\" width=\"302\">GHISOLFO, Juan Manuel<\/td>\n<\/tr>\n<tr style=\"height: 167.531px;\">\n<td style=\"height: 167.531px;\" valign=\"top\" width=\"338\">Pr\u00e1ctica Docente IV y Residencia: Recrear las Pr\u00e1cticas Docentes<\/p>\n<p>Ateneo Lengua<\/p>\n<p>Ateneo Ciencias Sociales<\/p>\n<p>Ateneo Ciencias Naturales<\/p>\n<p>Ateneo Matem\u00e1tica<\/td>\n<td style=\"height: 167.531px;\" width=\"302\">FIORDANI, Ma. Victoria (Suplente)<\/p>\n<p>GARBERO, Luc\u00eda<\/p>\n<p>GARBERO, Luc\u00eda<\/p>\n<p>ALVAREZ, Marianela<\/p>\n<p>ZARZOSO, Ma. Jos\u00e9<\/td>\n<\/tr>\n<tr style=\"height: 36px;\">\n<td style=\"height: 36px;\" valign=\"top\" width=\"338\">Problem\u00e1ticas y Desaf\u00edos del Nivel Inicial<\/td>\n<td style=\"height: 36px;\" width=\"302\">FIORDANI, Ma. Victoria<\/td>\n<\/tr>\n<tr style=\"height: 36px;\">\n<td style=\"height: 36px;\" valign=\"top\" width=\"338\">Educaci\u00f3n Art\u00edstica: Teatro<\/td>\n<td style=\"height: 36px;\" width=\"302\">SANTINI, Carina<\/td>\n<\/tr>\n<tr style=\"height: 36px;\">\n<td style=\"height: 36px;\" valign=\"top\" width=\"338\">Educaci\u00f3n Sexual Integral<\/td>\n<td style=\"height: 36px;\" width=\"302\">C\u00d3RDOBA, Eliana<\/td>\n<\/tr>\n<\/tbody>\n<\/table>\n<p style=\"text-align: center;\"><strong>PROFESORADO DE EDUCACI\u00d3N PRIMARIA<\/strong><\/p>\n<p><strong>PRIMER A\u00d1O:<\/strong><\/p>\n<table border=\"1\" cellspacing=\"0\" cellpadding=\"0\">\n<tbody>\n<tr>\n<td valign=\"top\" width=\"338\"><strong>ASIGNATURA<\/strong><\/td>\n<td valign=\"top\" width=\"314\"><strong>DOCENTE<\/strong><\/td>\n<\/tr>\n<tr>\n<td valign=\"top\" width=\"338\">Pedagog\u00eda<\/td>\n<td width=\"314\">MEDINA, Laura (Suplente)<\/td>\n<\/tr>\n<tr>\n<td valign=\"top\" width=\"338\">Problem\u00e1ticas Socioantropol\u00f3gicas en Educaci\u00f3n<\/td>\n<td width=\"314\">CORLETTA, Micaela<\/td>\n<\/tr>\n<tr>\n<td valign=\"top\" width=\"338\">Psicolog\u00eda y Educaci\u00f3n<\/td>\n<td width=\"314\">C\u00d3RDOBA, Eliana<\/td>\n<\/tr>\n<tr>\n<td valign=\"top\" width=\"338\">Argentina en el Mundo Contempor\u00e1neo<\/td>\n<td width=\"314\">MAGALLANES, Samanta<\/td>\n<\/tr>\n<tr>\n<td valign=\"top\" width=\"338\">Lenguaje Digital y Audiovisual<\/td>\n<td width=\"314\">BARLASSINA, Carolina (Suplente)<\/td>\n<\/tr>\n<tr>\n<td valign=\"top\" width=\"338\">Lenguaje Corporal<\/td>\n<td width=\"314\">SANTINI, Carina<\/td>\n<\/tr>\n<tr>\n<td valign=\"top\" width=\"338\">Pr\u00e1ctica Docente I: Contextos y Pr\u00e1cticas Educativas<\/td>\n<td width=\"314\">GURDOLICH, Jacqueline (Suplente)<\/td>\n<\/tr>\n<tr>\n<td valign=\"top\" width=\"338\">Desarrollo del Pensamiento Matem\u00e1tico<\/td>\n<td width=\"314\">SOSA, Paola<\/td>\n<\/tr>\n<tr>\n<td valign=\"top\" width=\"338\">Oralidad, Lectura y Escritura<\/td>\n<td width=\"314\">QUADRI, Nora<\/td>\n<\/tr>\n<tr>\n<td valign=\"top\" width=\"338\">Alfabetizaci\u00f3n en Lengua Inglesa<\/td>\n<td width=\"314\">CALVO, Alejandra<\/td>\n<\/tr>\n<\/tbody>\n<\/table>\n<p><strong>SEGUNDO A\u00d1O:<\/strong><\/p>\n<table border=\"1\" cellspacing=\"0\" cellpadding=\"0\">\n<tbody>\n<tr>\n<td valign=\"top\" width=\"338\"><strong>ASIGNATURA<\/strong><\/td>\n<td valign=\"top\" width=\"312\"><strong>DOCENTE<\/strong><\/td>\n<\/tr>\n<tr>\n<td valign=\"top\" width=\"338\">Filosof\u00eda y Educaci\u00f3n<\/td>\n<td width=\"312\">LLIN\u00c1S, Trinidad (Suplente)<\/td>\n<\/tr>\n<tr>\n<td valign=\"top\" width=\"338\">Did\u00e1ctica General<\/td>\n<td width=\"312\">C\u00d3RDOBA, Eliana<\/td>\n<\/tr>\n<tr>\n<td valign=\"top\" width=\"338\">Lenguaje Art\u00edstico Expresivo<\/td>\n<td width=\"312\">MARTORANA, Bianca<\/td>\n<\/tr>\n<tr>\n<td valign=\"top\" width=\"338\">Pr\u00e1ctica Docente II: Escuelas, Historias Documentadas y Cotidianeidad<\/td>\n<td width=\"312\">LEDESMA, Pamela<\/td>\n<\/tr>\n<tr>\n<td valign=\"top\" width=\"338\">Matem\u00e1tica y su Did\u00e1ctica I<\/td>\n<td width=\"312\">GANIM, Nadia<\/td>\n<\/tr>\n<tr>\n<td valign=\"top\" width=\"338\">Lengua y su Did\u00e1ctica<\/td>\n<td width=\"312\">VIGNA, Tamara<\/td>\n<\/tr>\n<tr>\n<td valign=\"top\" width=\"338\">Ciencias Naturales y su Did\u00e1ctica I<\/td>\n<td width=\"312\">\u00c1LVAREZ, Marianela<\/td>\n<\/tr>\n<tr>\n<td valign=\"top\" width=\"338\">Ciencias Sociales y su Did\u00e1ctica I<\/td>\n<td width=\"312\">MAGALLANES, Samanta<\/td>\n<\/tr>\n<tr>\n<td valign=\"top\" width=\"338\">Lengua extranjera: Ingles<\/td>\n<td width=\"312\">CARN\u00c9, Clara<\/td>\n<\/tr>\n<tr>\n<td valign=\"top\" width=\"338\">Sujetos de la Educaci\u00f3n y Convivencia Escolar<\/td>\n<td width=\"312\">GILIBERTI, Natalia<\/td>\n<\/tr>\n<\/tbody>\n<\/table>\n<p><strong>TERCER A\u00d1O:<\/strong><\/p>\n<table border=\"1\" cellspacing=\"0\" cellpadding=\"0\">\n<tbody>\n<tr>\n<td valign=\"top\" width=\"338\"><strong>ASIGNATURA<\/strong><\/td>\n<td valign=\"top\" width=\"312\"><strong>DOCENTE<\/strong><\/td>\n<\/tr>\n<tr>\n<td valign=\"top\" width=\"338\">Historia y Pol\u00edtica de la Educaci\u00f3n Argentina<\/td>\n<td width=\"312\">DANIELE, Melania (Suplente)<\/td>\n<\/tr>\n<tr>\n<td valign=\"top\" width=\"338\">Pr\u00e1ctica Docente III: El Aula: Espacio del Aprender y del Ense\u00f1ar<\/td>\n<td width=\"312\">BARLASSINA, Carolina<\/td>\n<\/tr>\n<tr>\n<td valign=\"top\" width=\"338\">Matem\u00e1tica y su Did\u00e1ctica II<\/td>\n<td width=\"312\">SOSA, Paola<\/td>\n<\/tr>\n<tr>\n<td valign=\"top\" width=\"338\">Literatura en el Nivel Primario<\/td>\n<td width=\"312\">VIGNA, Tamara<\/td>\n<\/tr>\n<tr>\n<td valign=\"top\" width=\"338\">Alfabetizaci\u00f3n Inicial<\/td>\n<td width=\"312\">QUADRI, Nora<\/td>\n<\/tr>\n<tr>\n<td valign=\"top\" width=\"338\">Ciencias Naturales y su Did\u00e1ctica II<\/td>\n<td width=\"312\">SILVA, Sabrina<\/td>\n<\/tr>\n<tr>\n<td valign=\"top\" width=\"338\">Taller de Ciencias en la Escuela<\/td>\n<td width=\"312\">OYOLA, Nohel\u00ed &#8211;\u00a0 SILVA, Sabrina<\/td>\n<\/tr>\n<tr>\n<td valign=\"top\" width=\"338\">Ciencias Sociales y su Did\u00e1ctica II<\/td>\n<td width=\"312\">OYOLA, Nohel\u00ed<\/td>\n<\/tr>\n<tr>\n<td valign=\"top\" width=\"338\">Educaci\u00f3n Art\u00edstico Expresiva<\/td>\n<td width=\"312\">FIORDANI, Delfina<\/td>\n<\/tr>\n<tr>\n<td valign=\"top\" width=\"338\">TIC y la Ense\u00f1anza en el Nivel Primario<\/td>\n<td width=\"312\">BARLASSINA, Carolina (Suplente)<\/td>\n<\/tr>\n<tr>\n<td valign=\"top\" width=\"338\">Seminario II<\/p>\n<p>ALFABETIZACI\u00d3N EN LENGUA INGLESA<\/td>\n<td width=\"312\">EMILIOZZI, Veronica<\/p>\n<p>CALVO, Alejandra<\/td>\n<\/tr>\n<\/tbody>\n<\/table>\n<p><strong>CUARTO A\u00d1O:<\/strong><\/p>\n<table border=\"1\" cellspacing=\"0\" cellpadding=\"0\">\n<tbody>\n<tr>\n<td valign=\"top\" width=\"338\"><strong>ASIGNATURA<\/strong><\/td>\n<td valign=\"top\" width=\"312\"><strong>DOCENTE<\/strong><\/td>\n<\/tr>\n<tr>\n<td valign=\"top\" width=\"338\">\u00c9tica y Construcci\u00f3n de la Ciudadan\u00eda<\/td>\n<td width=\"312\">GHISOLFO, Juan Manuel<\/td>\n<\/tr>\n<tr>\n<td valign=\"top\" width=\"338\">Pr\u00e1ctica Docente IV y Residencia: Recrear las Pr\u00e1cticas Docentes<\/p>\n<p>Ateneo Matem\u00e1tica<\/p>\n<p>Ateneo Lengua<\/p>\n<p>Ateneo Ciencias Sociales<\/p>\n<p>Ateneo Ciencias Naturales<\/td>\n<td width=\"312\">BARLASSINA, Carmen<\/p>\n<p>GILIBERTI, Natalia<\/p>\n<p>VIGNA, Tamara<\/p>\n<p>BARLASSINA, Carolina<\/p>\n<p>ALVAREZ, Marianela<\/td>\n<\/tr>\n<tr>\n<td valign=\"top\" width=\"338\">Problem\u00e1ticas y Desaf\u00edos del Nivel Primario<\/td>\n<td width=\"312\">EMILIOZZI, Ver\u00f3nica<\/td>\n<\/tr>\n<tr>\n<td valign=\"top\" width=\"338\">Educaci\u00f3n F\u00edsica en el Nivel Primario<\/td>\n<td width=\"312\">SANTINI, Carina<\/td>\n<\/tr>\n<tr>\n<td valign=\"top\" width=\"338\">Educaci\u00f3n Sexual Integral<\/td>\n<td width=\"312\">GARNERO,\u00a0Ma. Gabriela<\/td>\n<\/tr>\n<tr>\n<td valign=\"top\" width=\"338\">Trabajo de Campo<\/td>\n<td width=\"312\">EMILIOZZI, Ver\u00f3nica (Suplente)<\/td>\n<\/tr>\n<\/tbody>\n<\/table>\n<p style=\"text-align: center;\"><strong>PROFESORADO DE EDUCACI\u00d3N SECUNDARIA EN BIOLOG\u00cdA<\/strong><\/p>\n<p><strong>\u00a0<\/strong><strong>PRIMER A\u00d1O:<\/strong><\/p>\n<table border=\"1\" cellspacing=\"0\" cellpadding=\"0\">\n<tbody>\n<tr>\n<td width=\"310\"><strong>ASIGNATURA<\/strong><\/td>\n<td width=\"302\"><strong>DOCENTE<\/strong><\/td>\n<\/tr>\n<tr>\n<td valign=\"top\" width=\"310\">Pedagog\u00eda<\/td>\n<td width=\"302\">MARCHESI,\u00a0Mar\u00eda del Valle<\/td>\n<\/tr>\n<tr>\n<td valign=\"top\" width=\"310\">Problem\u00e1ticas Socioantropol\u00f3gicas en Educaci\u00f3n<\/td>\n<td width=\"302\">CORLETTA, Micaela<\/td>\n<\/tr>\n<tr>\n<td valign=\"top\" width=\"310\">Lenguaje Digital y Audiovisual<\/td>\n<td width=\"302\">BARLASSINA, Carolina (Suplente)<\/td>\n<\/tr>\n<tr>\n<td valign=\"top\" width=\"310\">Pr\u00e1ctica Docente I: Contextos y Pr\u00e1cticas Educativas<\/td>\n<td width=\"302\">GURDOLICH, Jacqueline (Suplente)<\/td>\n<\/tr>\n<tr>\n<td valign=\"top\" width=\"310\">Biolog\u00eda Celular y Molecular<\/td>\n<td width=\"302\">MADER\u00d3N, Lina<\/td>\n<\/tr>\n<tr>\n<td valign=\"top\" width=\"310\">Biolog\u00eda General<\/td>\n<td width=\"302\">SALVAY,\u00a0Carla<\/td>\n<\/tr>\n<tr>\n<td valign=\"top\" width=\"310\">Modelos Matem\u00e1ticos para las Ciencias Naturales<\/td>\n<td width=\"302\">SOSA, Paola<\/td>\n<\/tr>\n<tr>\n<td valign=\"top\" width=\"310\">Qu\u00edmica General<\/td>\n<td width=\"302\">DEFENDI,\u00a0Josefina<\/td>\n<\/tr>\n<tr>\n<td valign=\"top\" width=\"310\">Modelos F\u00edsicos para las Ciencias Naturales<\/td>\n<td width=\"302\">NU\u00d1EZ, Agustina<\/td>\n<\/tr>\n<\/tbody>\n<\/table>\n<p><strong>SEGUNDO A\u00d1O:<\/strong><\/p>\n<table border=\"1\" cellspacing=\"0\" cellpadding=\"0\">\n<tbody>\n<tr>\n<td width=\"310\"><strong>ASIGNATURA<\/strong><\/td>\n<td width=\"302\"><strong>DOCENTE<\/strong><\/td>\n<\/tr>\n<tr>\n<td valign=\"top\" width=\"310\">Psicolog\u00eda y Educaci\u00f3n<\/td>\n<td width=\"302\">MARCHESI,\u00a0Mar\u00eda del Valle<\/td>\n<\/tr>\n<tr>\n<td valign=\"top\" width=\"310\">Did\u00e1ctica General<\/td>\n<td width=\"302\">MAZZA,\u00a0Melina<\/td>\n<\/tr>\n<tr>\n<td valign=\"top\" width=\"310\">Pr\u00e1ctica Docente II: Escuelas, Historias Documentadas y Cotidianeidad<\/td>\n<td width=\"302\">LEDESMA, Pamela<\/td>\n<\/tr>\n<tr>\n<td valign=\"top\" width=\"310\">Biolog\u00eda Animal I<\/td>\n<td width=\"302\">NU\u00d1EZ, Agustina<\/td>\n<\/tr>\n<tr>\n<td valign=\"top\" width=\"310\">Qu\u00edmica Biol\u00f3gica<\/td>\n<td width=\"302\">DEFENDI,\u00a0Josefina<\/td>\n<\/tr>\n<tr>\n<td valign=\"top\" width=\"310\">Biolog\u00eda de las Plantas I<\/td>\n<td width=\"302\">HERRERA, Roc\u00edo<\/td>\n<\/tr>\n<tr>\n<td valign=\"top\" width=\"310\">Filosof\u00eda de las Ciencias<\/td>\n<td width=\"302\">MAZZA,\u00a0Melina<\/td>\n<\/tr>\n<tr>\n<td valign=\"top\" width=\"310\">Trabajo Experimental en Biolog\u00eda<\/td>\n<td width=\"302\">SILVA, Sabrina<\/td>\n<\/tr>\n<tr>\n<td valign=\"top\" width=\"310\">Biolog\u00eda de los Microorganismos y Hongos<\/td>\n<td width=\"302\">SALVAY, Carla<\/td>\n<\/tr>\n<\/tbody>\n<\/table>\n<p><strong>TERCER A\u00d1O:<\/strong><\/p>\n<table border=\"1\" cellspacing=\"0\" cellpadding=\"0\">\n<tbody>\n<tr>\n<td width=\"310\"><strong>ASIGNATURA<\/strong><\/td>\n<td width=\"302\"><strong>DOCENTE<\/strong><\/td>\n<\/tr>\n<tr>\n<td valign=\"top\" width=\"310\">Historia y Pol\u00edtica de la Educaci\u00f3n Argentina<\/td>\n<td width=\"302\">DANIELE,\u00a0Melania<\/td>\n<\/tr>\n<tr>\n<td valign=\"top\" width=\"310\">Pr\u00e1ctica Docente III<\/td>\n<td width=\"302\">GALLARATTO, Juliana<\/td>\n<\/tr>\n<tr>\n<td valign=\"top\" width=\"310\">Sujetos de la Educaci\u00f3n<\/td>\n<td width=\"302\">C\u00d3RDOBA, Eliana<\/td>\n<\/tr>\n<tr>\n<td valign=\"top\" width=\"310\">Did\u00e1ctica de las Ciencias Naturales<\/td>\n<td width=\"302\">MADER\u00d3N, Lina<\/td>\n<\/tr>\n<tr>\n<td valign=\"top\" width=\"310\">Biolog\u00eda Animal II<\/td>\n<td width=\"302\">NU\u00d1EZ, Agustina<\/td>\n<\/tr>\n<tr>\n<td valign=\"top\" width=\"310\">Historia y Epistemolog\u00eda de la Biolog\u00eda<\/p>\n<hr \/>\n<p>Biolog\u00eda de las Plantas II<\/p>\n<hr \/>\n<p>Ecolog\u00eda<\/td>\n<td width=\"302\">LESSIO, Candela<\/p>\n<hr \/>\n<p>SILVA,\u00a0Sabrina<\/p>\n<hr \/>\n<p>NU\u00d1EZ, Agustina<\/td>\n<\/tr>\n<tr>\n<td valign=\"top\" width=\"310\">Biolog\u00eda Humana<\/p>\n<p>Materiales y Recursos Ens. Ciencias<\/td>\n<td width=\"302\">SILVA,\u00a0Sabrina<\/p>\n<p>SILVA, Sabrina<\/td>\n<\/tr>\n<\/tbody>\n<\/table>\n<p><strong>CUARTO A\u00d1O:<\/strong><\/p>\n<table border=\"1\" cellspacing=\"0\" cellpadding=\"0\">\n<tbody>\n<tr>\n<td width=\"310\"><strong>ASIGNATURA<\/strong><\/td>\n<td width=\"302\"><strong>DOCENTE<\/strong><\/td>\n<\/tr>\n<tr>\n<td valign=\"top\" width=\"310\">\u00c9tica y Construcci\u00f3n de Ciudadan\u00eda<\/td>\n<td width=\"302\">MEDINA, Laura<\/td>\n<\/tr>\n<tr>\n<td valign=\"top\" width=\"310\">Pr\u00e1ctica Docente IV<\/td>\n<td width=\"302\">GALLARATTO, Juliana<\/td>\n<\/tr>\n<tr>\n<td valign=\"top\" width=\"310\">Did\u00e1ctica de las Ciencias Naturales<\/td>\n<td width=\"302\">MADER\u00d3N, Lina<\/td>\n<\/tr>\n<tr>\n<td valign=\"top\" width=\"310\">Gen\u00e9tica y Biotecnolog\u00eda<\/td>\n<td width=\"302\">SALVAY, Carla<\/td>\n<\/tr>\n<tr>\n<td valign=\"top\" width=\"310\">Historia de la Vida en la Tierra<\/td>\n<td width=\"302\">SILVA,\u00a0Sabrina<\/td>\n<\/tr>\n<tr>\n<td valign=\"top\" width=\"310\">Educaci\u00f3n Ambiental<\/td>\n<td width=\"302\">DEFENDI,\u00a0Josefina<\/td>\n<\/tr>\n<tr>\n<td valign=\"top\" width=\"310\">Biolog\u00eda Humana y Salud<\/p>\n<p>Problem\u00e1ticas y Desaf\u00edos del Nivel<\/td>\n<td width=\"302\">SALVAY,\u00a0Carla<\/p>\n<p>MAZZA, Melina<\/td>\n<\/tr>\n<\/tbody>\n<\/table>\n<p><strong>\u00a0<\/strong><\/p>\n<div style=\"text-align: center;\"><strong style=\"text-align: center;\">TECNICATURA\u00a0 SUPERIOR\u00a0 EN\u00a0<\/strong><\/div>\n<div style=\"text-align: center;\"><strong style=\"text-align: center;\">ADMINISTRACI\u00d3N\u00a0<\/strong><\/div>\n<p style=\"text-align: left;\"><strong>PRIMER\u00a0 A\u00d1O<\/strong><\/p>\n<table border=\"1\" cellspacing=\"0\" cellpadding=\"0\">\n<tbody>\n<tr>\n<td valign=\"top\" width=\"288\"><strong>Espacio curricular<\/strong><\/td>\n<td valign=\"top\" width=\"229\"><strong>Docente<\/strong><\/td>\n<\/tr>\n<tr>\n<td valign=\"top\" width=\"288\">Metodolog\u00eda para la Administraci\u00f3n de Proyectos<\/td>\n<td valign=\"top\" width=\"229\">PLA SASMUT, Florencia<\/td>\n<\/tr>\n<tr>\n<td valign=\"top\" width=\"288\">Tecnolog\u00eda de la Inf. y la Comunicaci\u00f3n I<\/td>\n<td valign=\"top\" width=\"229\">LUPORI, Ma. Eugenia<\/td>\n<\/tr>\n<tr>\n<td valign=\"top\" width=\"288\">Sociolog\u00eda General<\/td>\n<td valign=\"top\" width=\"229\">GHISOLFO, Juan Manuel<\/td>\n<\/tr>\n<tr>\n<td valign=\"top\" width=\"288\">Tecnolog\u00eda de la Inf. y la Comunicaci\u00f3n II<\/td>\n<td valign=\"top\" width=\"229\">LUPORI, Ma. Eugenia<\/td>\n<\/tr>\n<tr>\n<td valign=\"top\" width=\"288\">Tecnolog\u00eda de la Inf. y la Comunicaci\u00f3n III<\/td>\n<td valign=\"top\" width=\"229\">LUPORI, Ma. Eugenia<\/td>\n<\/tr>\n<tr>\n<td valign=\"top\" width=\"288\">Administraci\u00f3n General<\/td>\n<td valign=\"top\" width=\"229\">MANEIRO, Jorgelina<\/td>\n<\/tr>\n<tr>\n<td valign=\"top\" width=\"288\">Tecnolog\u00eda de la Inf. y la Comunicaci\u00f3n IV<\/td>\n<td valign=\"top\" width=\"229\">LUPORI, Ma. Eugenia<\/td>\n<\/tr>\n<tr>\n<td valign=\"top\" width=\"288\">Ingl\u00e9s T\u00e9cnico<\/td>\n<td valign=\"top\" width=\"229\">CARN\u00c9, Clara<\/td>\n<\/tr>\n<tr>\n<td valign=\"top\" width=\"288\">Sistemas de Informaci\u00f3n Contables I<\/td>\n<td valign=\"top\" width=\"229\">PLA SASMUT, Florencia<\/td>\n<\/tr>\n<\/tbody>\n<\/table>\n<p style=\"text-align: left;\"><strong>SEGUNDO \u00a0A\u00d1O<\/strong><\/p>\n<table style=\"height: 401px;\" border=\"1\" width=\"1019\" cellspacing=\"0\" cellpadding=\"0\">\n<tbody>\n<tr>\n<td valign=\"top\" width=\"288\"><strong>Espacio Curricular<\/strong><\/td>\n<td valign=\"top\" width=\"229\"><strong>Docente<\/strong><\/td>\n<\/tr>\n<tr>\n<td valign=\"top\" width=\"288\">Sistemas Administrativos<\/td>\n<td valign=\"top\" width=\"229\">MANEIRO, Jorgelina<\/td>\n<\/tr>\n<tr>\n<td valign=\"top\" width=\"288\">Derecho Econ\u00f3mico y Legislaci\u00f3n Tributaria<\/td>\n<td valign=\"top\" width=\"229\">PLA SASMUT, Florencia<\/td>\n<\/tr>\n<tr>\n<td valign=\"top\" width=\"288\">Matem\u00e1tica Aplicada<\/td>\n<td valign=\"top\" width=\"229\">GANIM, Nadia<\/td>\n<\/tr>\n<tr>\n<td valign=\"top\" width=\"288\">Sistemas de Informaci\u00f3n Contables II<\/td>\n<td valign=\"top\" width=\"229\">PLA SASMUT, Florencia<\/td>\n<\/tr>\n<tr>\n<td valign=\"top\" width=\"288\">Estad\u00edstica Aplicada<\/td>\n<td valign=\"top\" width=\"229\">GANIM, Nadia<\/td>\n<\/tr>\n<tr>\n<td valign=\"top\" width=\"288\">Costos, log\u00edstica y gesti\u00f3n de la producci\u00f3n<\/td>\n<td valign=\"top\" width=\"229\">GHIANO, Ludmila<\/td>\n<\/tr>\n<tr>\n<td valign=\"top\" width=\"288\">Gesti\u00f3n Comercial y Ventas<\/td>\n<td valign=\"top\" width=\"229\">MANEIRO, Jorgelina<\/td>\n<\/tr>\n<tr>\n<td valign=\"top\" width=\"288\">Pr\u00e1ctica Profesionalizante I<\/td>\n<td valign=\"top\" width=\"229\">PLA SASMUT, Florencia<\/td>\n<\/tr>\n<tr>\n<td valign=\"top\" width=\"288\"><\/td>\n<td valign=\"top\" width=\"229\"><\/td>\n<\/tr>\n<tr>\n<td valign=\"top\" width=\"288\"><\/td>\n<td valign=\"top\" width=\"229\"><\/td>\n<\/tr>\n<\/tbody>\n<\/table>\n<p style=\"text-align: center;\">\u00a0<strong>PRIMER\u00a0 A\u00d1O : TECNICATURA SUPERIOR EN MAQUINARIAS Y EQUIPOS AGROPECUARIOS\u00a0<\/strong><\/p>\n<table border=\"1\" cellspacing=\"0\" cellpadding=\"0\">\n<tbody>\n<tr>\n<td valign=\"top\" width=\"288\"><strong>Espacio Curricular<\/strong><\/td>\n<td valign=\"top\" width=\"229\"><strong>Docente<\/strong><\/td>\n<\/tr>\n<tr>\n<td valign=\"top\" width=\"288\">Ingl\u00e9s<\/td>\n<td valign=\"top\" width=\"229\">CA\u00d1ETTE, Valent\u00edn<\/td>\n<\/tr>\n<tr>\n<td valign=\"top\" width=\"288\">Inform\u00e1tica Aplicada<\/td>\n<td valign=\"top\" width=\"229\">BESSONE, Fabi\u00e1n<\/td>\n<\/tr>\n<tr>\n<td valign=\"top\" width=\"288\">Matem\u00e1tica y Estad\u00edstica<\/td>\n<td valign=\"top\" width=\"229\">V\u00c9LEZ, Dar\u00edo<\/td>\n<\/tr>\n<tr>\n<td valign=\"top\" width=\"288\">F\u00edsica<\/td>\n<td valign=\"top\" width=\"229\">HERRERA, Roc\u00edo<\/td>\n<\/tr>\n<tr>\n<td valign=\"top\" width=\"288\">Labores Agropecuarias<\/td>\n<td valign=\"top\" width=\"229\">TORRI, Carolina<\/td>\n<\/tr>\n<tr>\n<td valign=\"top\" width=\"288\">Materiales y Elementos de Maquinarias<\/td>\n<td valign=\"top\" width=\"229\">PESARESI, Javier<\/td>\n<\/tr>\n<tr>\n<td valign=\"top\" width=\"288\"><\/td>\n<td valign=\"top\" width=\"229\"><\/td>\n<\/tr>\n<tr>\n<td valign=\"top\" width=\"288\"><\/td>\n<td valign=\"top\" width=\"229\"><\/td>\n<\/tr>\n<\/tbody>\n<\/table>\n","protected":false},"excerpt":{"rendered":"<p>PERSONAL DIRECTIVO MAZZA, Melina MEDINA, Laura SECRETARIA BISCHOF, Karina \u00a0PRO SECRETARIA MARIATTI, Cecilia COORDINADORAS DE ENSE\u00d1ANZA SUPERIOR BARTOLUCCI, Andrea PIERDOM\u00c9NICO, Yanina PRECEPTORAS BIANCONI, Gabriela LATAR, Mariela BIBLIOTECARIA NIETO, D\u00e9bora CUERPO DOCENTE &#8211; ISFD \u00a0\u00a0\u00a0\u00a0PROFESORADO DE EDUCACI\u00d3N INICIAL \u00a0PRIMER A\u00d1O: ASIGNATURA DOCENTE Pedagog\u00eda EMILIOZZI, Ver\u00f3nica Problem\u00e1ticas Socioantropol\u00f3gicas en Educaci\u00f3n CORLETTA, Micaela Psicolog\u00eda y Educaci\u00f3n C\u00d3RDOBA, Eliana &#8230; <a title=\"Docentes\" class=\"read-more\" href=\"https:\/\/enscdbustos-cba.infd.edu.ar\/sitio\/docentes\/\" aria-label=\"More on Docentes\">[+]<\/a><\/p>\n","protected":false},"author":11,"featured_media":0,"parent":0,"menu_order":0,"comment_status":"closed","ping_status":"closed","template":"","meta":[],"acf":[],"_links":{"self":[{"href":"https:\/\/enscdbustos-cba.infd.edu.ar\/sitio\/wp-json\/wp\/v2\/pages\/931"}],"collection":[{"href":"https:\/\/enscdbustos-cba.infd.edu.ar\/sitio\/wp-json\/wp\/v2\/pages"}],"about":[{"href":"https:\/\/enscdbustos-cba.infd.edu.ar\/sitio\/wp-json\/wp\/v2\/types\/page"}],"author":[{"embeddable":true,"href":"https:\/\/enscdbustos-cba.infd.edu.ar\/sitio\/wp-json\/wp\/v2\/users\/11"}],"replies":[{"embeddable":true,"href":"https:\/\/enscdbustos-cba.infd.edu.ar\/sitio\/wp-json\/wp\/v2\/comments?post=931"}],"version-history":[{"count":27,"href":"https:\/\/enscdbustos-cba.infd.edu.ar\/sitio\/wp-json\/wp\/v2\/pages\/931\/revisions"}],"predecessor-version":[{"id":1556,"href":"https:\/\/enscdbustos-cba.infd.edu.ar\/sitio\/wp-json\/wp\/v2\/pages\/931\/revisions\/1556"}],"wp:attachment":[{"href":"https:\/\/enscdbustos-cba.infd.edu.ar\/sitio\/wp-json\/wp\/v2\/media?parent=931"}],"curies":[{"name":"wp","href":"https:\/\/api.w.org\/{rel}","templated":true}]}}