{"id":922,"date":"2018-08-30T11:29:26","date_gmt":"2018-08-30T14:29:26","guid":{"rendered":"https:\/\/enscdbustos-cba.infd.edu.ar\/sitio\/programa-nacional-de-formacion-permanente\/"},"modified":"2025-10-28T20:37:42","modified_gmt":"2025-10-28T23:37:42","slug":"programa-nacional-de-formacion-permanente","status":"publish","type":"page","link":"https:\/\/enscdbustos-cba.infd.edu.ar\/sitio\/programa-nacional-de-formacion-permanente\/","title":{"rendered":"Proyecto de Mejora Institucional para la Formaci\u00f3n Docente"},"content":{"rendered":"<p style=\"text-align: left;\"><span class=\"fontstyle0\">Desde el a\u00f1o 2007, el INFOD y la DGES han acompa\u00f1ado a los ISFD en la implementaci\u00f3n de planes y proyectos que contribuyeron al proceso sostenido de mejora institucional. En este sentido y a los fines de dar coherencia y fortaleza a los proyectos institucionales y atendiendo a las consideraciones de esta convocatoria se invita a <\/span><span class=\"fontstyle2\">recuperar, dar continuidad y profundidad a las acciones identificadas como significativas (realizadas o en proceso) para la mejora de la propuesta formativa, integrando las l\u00edneas de acci\u00f3n de otras convocatorias y\/o proyectos<\/span><span class=\"fontstyle2\">. <\/span><span class=\"fontstyle0\">Adem\u00e1s, para poder identificar los desaf\u00edos que se deber\u00e1n abordar en esta nueva instancia, es necesario considerar las reflexiones, aprendizajes y evaluaciones llevadas adelante en experiencias anteriores.\u00a0<\/span><\/p>\n<p><span class=\"fontstyle0\">La presente convocatoria 2024-2025 tom\u00f3 los ejes que se plantean en el \u00abCompromiso Federal por la Alfabetizaci\u00f3n\u00bb como ordenadores o puntos de partida para acompa\u00f1ar el dise\u00f1o de estrategias que contribuyan con la mejora de la formaci\u00f3n docente y permitan fortalecer el rol de las instituciones formadoras en esta pol\u00edtica. Los procesos de mejora buscaron impactar sobre dos dimensiones principales: la pedag\u00f3gico-did\u00e1ctica y la organizacional, a partir de la elaboraci\u00f3n de proyectos que se piensen de manera situada que contribuyan al funcionamiento integrado de los ISFD con el sistema educativo en v\u00ednculo con su contexto social y cultural.\u00a0<\/span><\/p>\n<p><strong style=\"font-size: revert;\">PROP\u00d3SITOS<\/strong><\/p>\n<div class=\"O0\">\n<ul>\n<li><span class=\"fontstyle0\">Fortalecer los aspectos de la formaci\u00f3n docente inicial y continua que redunden en la mejora de los procesos de alfabetizaci\u00f3n integral en todos los niveles educativos, contextos y modalidades.<\/span><\/li>\n<li><span class=\"fontstyle0\">Promover instancias de an\u00e1lisis y reflexi\u00f3n que permitan identificar problemas y\/o necesidades institucionales para establecer prioridades y elaborar l\u00edneas de acci\u00f3n en el marco de esta convocatoria.<\/span><\/li>\n<li><span class=\"fontstyle0\">Promover espacios de trabajo colaborativos con diversos actores del sistema educativo para favorecer la reflexi\u00f3n y el intercambio en torno a la mejora de la formaci\u00f3n.<\/span><\/li>\n<li><span class=\"fontstyle0\">F<\/span><span class=\"fontstyle0\">ortalecer la gesti\u00f3n institucional, el trabajo docente y la participaci\u00f3n estudiantil en proyectos que permitan la mejora continua.<\/span><\/li>\n<li><span class=\"fontstyle0\">Fortalecer los procesos de sistematizaci\u00f3n y difusi\u00f3n de experiencias pedag\u00f3gicas para la renovaci\u00f3n de las pr\u00e1cticas docentes.<\/span><\/li>\n<li><span class=\"fontstyle0\">Fomentar la evaluaci\u00f3n como instancia de trabajo institucional que permite la elaboraci\u00f3n de evidencias de mejora<\/span><\/li>\n<\/ul>\n<\/div>\n\n\n<figure class=\"wp-block-image size-large\"><img decoding=\"async\" loading=\"lazy\" width=\"1900\" height=\"1425\" src=\"https:\/\/enscdbustos-cba.infd.edu.ar\/sitio\/wp-content\/uploads\/2025\/10\/20250626_185349-2-1900x1425.jpg\" alt=\"\" class=\"wp-image-1574\" srcset=\"https:\/\/enscdbustos-cba.infd.edu.ar\/sitio\/wp-content\/uploads\/2025\/10\/20250626_185349-2-1900x1425.jpg 1900w, https:\/\/enscdbustos-cba.infd.edu.ar\/sitio\/wp-content\/uploads\/2025\/10\/20250626_185349-2-1000x750.jpg 1000w, https:\/\/enscdbustos-cba.infd.edu.ar\/sitio\/wp-content\/uploads\/2025\/10\/20250626_185349-2-768x576.jpg 768w, https:\/\/enscdbustos-cba.infd.edu.ar\/sitio\/wp-content\/uploads\/2025\/10\/20250626_185349-2-1536x1152.jpg 1536w, https:\/\/enscdbustos-cba.infd.edu.ar\/sitio\/wp-content\/uploads\/2025\/10\/20250626_185349-2-2048x1536.jpg 2048w\" sizes=\"(max-width: 1900px) 100vw, 1900px\" \/><\/figure>\n\n\n\n<figure class=\"wp-block-gallery has-nested-images columns-default is-cropped wp-block-gallery-1 is-layout-flex\">\n<figure class=\"wp-block-image size-large\"><img decoding=\"async\" loading=\"lazy\" width=\"640\" height=\"640\" data-id=\"1570\"  src=\"https:\/\/enscdbustos-cba.infd.edu.ar\/sitio\/wp-content\/uploads\/2025\/10\/photo.jpg\" alt=\"\" class=\"wp-image-1570\" srcset=\"https:\/\/enscdbustos-cba.infd.edu.ar\/sitio\/wp-content\/uploads\/2025\/10\/photo.jpg 640w, https:\/\/enscdbustos-cba.infd.edu.ar\/sitio\/wp-content\/uploads\/2025\/10\/photo-500x500.jpg 500w\" sizes=\"(max-width: 640px) 100vw, 640px\" \/><\/figure>\n\n\n\n<figure class=\"wp-block-image size-large\"><img decoding=\"async\" loading=\"lazy\" width=\"1280\" height=\"720\" data-id=\"1571\"  src=\"https:\/\/enscdbustos-cba.infd.edu.ar\/sitio\/wp-content\/uploads\/2025\/10\/11.jpeg\" alt=\"\" class=\"wp-image-1571\" srcset=\"https:\/\/enscdbustos-cba.infd.edu.ar\/sitio\/wp-content\/uploads\/2025\/10\/11.jpeg 1280w, https:\/\/enscdbustos-cba.infd.edu.ar\/sitio\/wp-content\/uploads\/2025\/10\/11-1000x563.jpeg 1000w, https:\/\/enscdbustos-cba.infd.edu.ar\/sitio\/wp-content\/uploads\/2025\/10\/11-768x432.jpeg 768w\" sizes=\"(max-width: 1280px) 100vw, 1280px\" \/><\/figure>\n<\/figure>\n","protected":false},"excerpt":{"rendered":"<p>Desde el a\u00f1o 2007, el INFOD y la DGES han acompa\u00f1ado a los ISFD en la implementaci\u00f3n de planes y proyectos que contribuyeron al proceso sostenido de mejora institucional. En este sentido y a los fines de dar coherencia y fortaleza a los proyectos institucionales y atendiendo a las consideraciones de esta convocatoria se invita &#8230; <a title=\"Proyecto de Mejora Institucional para la Formaci\u00f3n Docente\" class=\"read-more\" href=\"https:\/\/enscdbustos-cba.infd.edu.ar\/sitio\/programa-nacional-de-formacion-permanente\/\" aria-label=\"More on Proyecto de Mejora Institucional para la Formaci\u00f3n Docente\">[+]<\/a><\/p>\n","protected":false},"author":11,"featured_media":0,"parent":0,"menu_order":0,"comment_status":"closed","ping_status":"closed","template":"","meta":[],"acf":[],"_links":{"self":[{"href":"https:\/\/enscdbustos-cba.infd.edu.ar\/sitio\/wp-json\/wp\/v2\/pages\/922"}],"collection":[{"href":"https:\/\/enscdbustos-cba.infd.edu.ar\/sitio\/wp-json\/wp\/v2\/pages"}],"about":[{"href":"https:\/\/enscdbustos-cba.infd.edu.ar\/sitio\/wp-json\/wp\/v2\/types\/page"}],"author":[{"embeddable":true,"href":"https:\/\/enscdbustos-cba.infd.edu.ar\/sitio\/wp-json\/wp\/v2\/users\/11"}],"replies":[{"embeddable":true,"href":"https:\/\/enscdbustos-cba.infd.edu.ar\/sitio\/wp-json\/wp\/v2\/comments?post=922"}],"version-history":[{"count":7,"href":"https:\/\/enscdbustos-cba.infd.edu.ar\/sitio\/wp-json\/wp\/v2\/pages\/922\/revisions"}],"predecessor-version":[{"id":1576,"href":"https:\/\/enscdbustos-cba.infd.edu.ar\/sitio\/wp-json\/wp\/v2\/pages\/922\/revisions\/1576"}],"wp:attachment":[{"href":"https:\/\/enscdbustos-cba.infd.edu.ar\/sitio\/wp-json\/wp\/v2\/media?parent=922"}],"curies":[{"name":"wp","href":"https:\/\/api.w.org\/{rel}","templated":true}]}}