{"id":920,"date":"2018-08-30T11:29:25","date_gmt":"2018-08-30T14:29:25","guid":{"rendered":"https:\/\/enscdbustos-cba.infd.edu.ar\/sitio\/consultas-a-inscripciones\/"},"modified":"2025-02-28T19:25:45","modified_gmt":"2025-02-28T22:25:45","slug":"consultas-a-inscripciones","status":"publish","type":"page","link":"https:\/\/enscdbustos-cba.infd.edu.ar\/sitio\/consultas-a-inscripciones\/","title":{"rendered":"Consultas a Inscripciones"},"content":{"rendered":"<p><span style=\"font-family: 'arial black', 'avant garde'; font-size: 14pt;\">El Instituto de Educaci\u00f3n Superior de la Escuela Normal Superior \u00abMaestros Argentinos\u00bb informa que est\u00e1n abiertas las inscripciones para las siguientes carreras de formaci\u00f3n docente y t\u00e9cnica:<\/span><\/p>\n<p><span style=\"font-family: 'arial black', 'avant garde'; font-size: 14pt;\">&#8211; Profesorado de Educaci\u00f3n Inicial.<\/span><br \/>\n<span style=\"font-family: 'arial black', 'avant garde'; font-size: 14pt;\">&#8211; Profesorado de Educaci\u00f3n Primaria.<\/span><br \/>\n<span style=\"font-family: 'arial black', 'avant garde'; font-size: 14pt;\">&#8211; Profesorado de Educaci\u00f3n Secundaria en Biolog\u00eda.<\/span><br \/>\n<span style=\"font-family: 'arial black', 'avant garde'; font-size: 14pt;\">&#8211; Tecnicatura Superior en Administraci\u00f3n.<\/span><\/p>\n<p><span style=\"font-family: 'arial black', 'avant garde'; font-size: 14pt;\"><span class=\"text_exposed_show\">Para mayor informaci\u00f3n los esperamos de lunes a viernes de 16:00 a 22:30 en 25 de Mayo 747, Corral de Bustos Ifflinger (C\u00f3rdoba).<\/span><\/span><\/p>\n<p><span style=\"font-family: 'arial black', 'avant garde'; font-size: 14pt;\"><span class=\"text_exposed_show\"><span style=\"text-decoration: underline;\">Tel\u00e9fonos<\/span>: (03468) 423970 \u00f3 433970.<\/span><\/span><\/p>\n<p><span style=\"font-family: 'arial black', 'avant garde'; font-size: 14pt;\"><span class=\"text_exposed_show\"><span style=\"text-decoration: underline;\">Mail<\/span>: escuelanormalnivelsuperior@gmail.com<\/span><\/span><\/p>\n<p><span style=\"font-family: 'arial black', 'avant garde'; font-size: 14pt;\"><span class=\"text_exposed_show\"><span style=\"text-decoration: underline;\">Facebook<\/span>:\u00a0www.facebook.com\/escuelanormalsuperior<\/span><\/span><\/p>\n<p><span style=\"font-family: 'arial black', 'avant garde'; font-size: 14pt;\"><span style=\"text-decoration: underline;\">Documentaci\u00f3n a presentar<\/span>:<img decoding=\"async\" loading=\"lazy\" class=\"wp-image-1530 aligncenter\" src=\"https:\/\/enscdbustos-cba.infd.edu.ar\/sitio\/wp-content\/uploads\/2025\/02\/Documentacion-a-presentar-ingresantes.jpeg\" alt=\"\" width=\"511\" height=\"571\" \/><\/span><\/p>\n<p><span style=\"font-family: 'arial black', 'avant garde'; font-size: 14pt;\">&#8211;\u00a0\u00a0\u00a0\u00a0\u00a0\u00a0\u00a0\u00a0\u00a0 Fotocopia legalizada DNI.<\/span><\/p>\n<p><span style=\"font-family: 'arial black', 'avant garde'; font-size: 14pt;\">&#8211;\u00a0\u00a0\u00a0\u00a0\u00a0\u00a0\u00a0\u00a0\u00a0 Fotocopia legalizada Acta de Nacimiento.<\/span><\/p>\n<p><span style=\"font-family: 'arial black', 'avant garde'; font-size: 14pt;\" data-mce-mark=\"1\">&#8211;\u00a0\u00a0\u00a0\u00a0\u00a0\u00a0\u00a0\u00a0\u00a0 Fotocopia legalizada t\u00edtulo de nivel secundario o certificado de t\u00edtulo en tr\u00e1mite.<\/span><\/p>\n<p><span style=\"font-family: 'arial black', 'avant garde'; font-size: 14pt;\" data-mce-mark=\"1\">&#8211; \u00a0 \u00a0 \u00a0 \u00a0 \u00a0<\/span><span style=\"font-family: 'arial black', 'avant garde'; font-size: 14pt;\" data-mce-mark=\"1\">Ficha de inscripci\u00f3n.<\/span><\/p>\n<p><span style=\"font-family: 'arial black', 'avant garde'; font-size: 14pt;\" data-mce-mark=\"1\">&#8211;\u00a0 \u00a0 \u00a0 \u00a0 \u00a0 CUS (Certificado \u00danico de Salud) &#8211; ISA (Informe de Salud Anual).<\/span><\/p>\n<p><img decoding=\"async\" loading=\"lazy\" class=\"wp-image-1510 aligncenter\" src=\"https:\/\/enscdbustos-cba.infd.edu.ar\/sitio\/wp-content\/uploads\/2024\/10\/BANNER-CARRERAS-FLYERS-2024-563x1000.jpg\" alt=\"\" width=\"355\" height=\"631\" srcset=\"https:\/\/enscdbustos-cba.infd.edu.ar\/sitio\/wp-content\/uploads\/2024\/10\/BANNER-CARRERAS-FLYERS-2024-563x1000.jpg 563w, https:\/\/enscdbustos-cba.infd.edu.ar\/sitio\/wp-content\/uploads\/2024\/10\/BANNER-CARRERAS-FLYERS-2024-1069x1900.jpg 1069w, https:\/\/enscdbustos-cba.infd.edu.ar\/sitio\/wp-content\/uploads\/2024\/10\/BANNER-CARRERAS-FLYERS-2024-768x1365.jpg 768w, https:\/\/enscdbustos-cba.infd.edu.ar\/sitio\/wp-content\/uploads\/2024\/10\/BANNER-CARRERAS-FLYERS-2024-864x1536.jpg 864w, https:\/\/enscdbustos-cba.infd.edu.ar\/sitio\/wp-content\/uploads\/2024\/10\/BANNER-CARRERAS-FLYERS-2024.jpg 1080w\" sizes=\"(max-width: 355px) 100vw, 355px\" \/><\/p>\n","protected":false},"excerpt":{"rendered":"<p>El Instituto de Educaci\u00f3n Superior de la Escuela Normal Superior \u00abMaestros Argentinos\u00bb informa que est\u00e1n abiertas las inscripciones para las siguientes carreras de formaci\u00f3n docente y t\u00e9cnica: &#8211; Profesorado de Educaci\u00f3n Inicial. &#8211; Profesorado de Educaci\u00f3n Primaria. &#8211; Profesorado de Educaci\u00f3n Secundaria en Biolog\u00eda. &#8211; Tecnicatura Superior en Administraci\u00f3n. Para mayor informaci\u00f3n los esperamos de &#8230; <a title=\"Consultas a Inscripciones\" class=\"read-more\" href=\"https:\/\/enscdbustos-cba.infd.edu.ar\/sitio\/consultas-a-inscripciones\/\" aria-label=\"More on Consultas a Inscripciones\">[+]<\/a><\/p>\n","protected":false},"author":11,"featured_media":0,"parent":0,"menu_order":0,"comment_status":"closed","ping_status":"closed","template":"","meta":[],"acf":[],"_links":{"self":[{"href":"https:\/\/enscdbustos-cba.infd.edu.ar\/sitio\/wp-json\/wp\/v2\/pages\/920"}],"collection":[{"href":"https:\/\/enscdbustos-cba.infd.edu.ar\/sitio\/wp-json\/wp\/v2\/pages"}],"about":[{"href":"https:\/\/enscdbustos-cba.infd.edu.ar\/sitio\/wp-json\/wp\/v2\/types\/page"}],"author":[{"embeddable":true,"href":"https:\/\/enscdbustos-cba.infd.edu.ar\/sitio\/wp-json\/wp\/v2\/users\/11"}],"replies":[{"embeddable":true,"href":"https:\/\/enscdbustos-cba.infd.edu.ar\/sitio\/wp-json\/wp\/v2\/comments?post=920"}],"version-history":[{"count":5,"href":"https:\/\/enscdbustos-cba.infd.edu.ar\/sitio\/wp-json\/wp\/v2\/pages\/920\/revisions"}],"predecessor-version":[{"id":1531,"href":"https:\/\/enscdbustos-cba.infd.edu.ar\/sitio\/wp-json\/wp\/v2\/pages\/920\/revisions\/1531"}],"wp:attachment":[{"href":"https:\/\/enscdbustos-cba.infd.edu.ar\/sitio\/wp-json\/wp\/v2\/media?parent=920"}],"curies":[{"name":"wp","href":"https:\/\/api.w.org\/{rel}","templated":true}]}}