{"id":917,"date":"2018-08-30T11:29:24","date_gmt":"2018-08-30T14:29:24","guid":{"rendered":"https:\/\/enscdbustos-cba.infd.edu.ar\/sitio\/videos-institucionales\/"},"modified":"2024-12-02T18:33:00","modified_gmt":"2024-12-02T21:33:00","slug":"videos-institucionales","status":"publish","type":"page","link":"https:\/\/enscdbustos-cba.infd.edu.ar\/sitio\/videos-institucionales\/","title":{"rendered":"Videos Institucionales"},"content":{"rendered":"\n<div class=\"wp-block-group has-small-font-size is-vertical is-content-justification-center is-layout-flex wp-container-1\">\n<h6 class=\"entry-title\" style=\"text-align: center;\">Video Institucional proyectado en el Acto Acad\u00e9mico del Ciclo Lectivo 2024<\/h6>\n<p><iframe loading=\"lazy\" title=\"Video Institucional - Acto Acad\u00e9mico 2024\" width=\"1200\" height=\"675\" src=\"https:\/\/www.youtube.com\/embed\/sr_aSyU6D6s?feature=oembed\" frameborder=\"0\" allow=\"accelerometer; autoplay; clipboard-write; encrypted-media; gyroscope; picture-in-picture; web-share\" referrerpolicy=\"strict-origin-when-cross-origin\" allowfullscreen><\/iframe><\/p>\n<h6 class=\"entry-title\" style=\"text-align: center;\">Video Institucional proyectado en el Acto Acad\u00e9mico del Ciclo Lectivo 2023<\/h6>\n<p><iframe loading=\"lazy\" title=\"Acto Acad\u00e9mico 2023 - Nivel Superior\" width=\"1200\" height=\"675\" src=\"https:\/\/www.youtube.com\/embed\/4c5YLH1-HTA?feature=oembed\" frameborder=\"0\" allow=\"accelerometer; autoplay; clipboard-write; encrypted-media; gyroscope; picture-in-picture; web-share\" referrerpolicy=\"strict-origin-when-cross-origin\" allowfullscreen><\/iframe><\/p>\n<h6 class=\"entry-title\" style=\"text-align: center;\">Video Institucional proyectado en el Acto Acad\u00e9mico del Ciclo Lectivo 2021<\/h6>\n<p><iframe loading=\"lazy\" title=\"Acto acad\u00e9mico Superior - 2021 - III\" width=\"1200\" height=\"900\" src=\"https:\/\/www.youtube.com\/embed\/ZbkwUzIeFXU?feature=oembed\" frameborder=\"0\" allow=\"accelerometer; autoplay; clipboard-write; encrypted-media; gyroscope; picture-in-picture; web-share\" referrerpolicy=\"strict-origin-when-cross-origin\" allowfullscreen><\/iframe><\/p>\n<p style=\"text-align: center;\"><span style=\"font-size: 10pt;\"><strong>Video Institucional proyectado en el Acto Acad\u00e9mico del <\/strong><\/span><\/p>\n<p style=\"text-align: center;\"><span style=\"font-size: 10pt;\"><strong>Ciclo Lectivo 2019<\/strong><\/span><\/p>\n<p><iframe loading=\"lazy\" title=\"VIDEO INSTITUCIONAL\" width=\"1200\" height=\"675\" src=\"https:\/\/www.youtube.com\/embed\/OdrT6G_KNDc?feature=oembed\" frameborder=\"0\" allow=\"accelerometer; autoplay; clipboard-write; encrypted-media; gyroscope; picture-in-picture; web-share\" referrerpolicy=\"strict-origin-when-cross-origin\" allowfullscreen><\/iframe><\/p>\n<p style=\"text-align: center;\"><span style=\"font-size: 10pt;\"><strong><strong>Video Institucional proyectado en el Acto Acad\u00e9mico del <\/strong><\/strong><\/span><\/p>\n<p style=\"text-align: center;\"><span style=\"font-size: 10pt;\"><strong><strong>Ciclo Lectivo 2016<\/strong><\/strong><\/span><\/p>\n<p style=\"text-align: center;\"><iframe loading=\"lazy\" src=\"https:\/\/www.youtube.com\/embed\/vlnsz7puL9g?wmode=transparent\" width=\"560\" height=\"315\" frameborder=\"0\" allowfullscreen=\"allowfullscreen\"><\/iframe><\/p>\n<p style=\"text-align: center;\"><span style=\"font-size: 10pt;\"><strong>Invitaci\u00f3n a los protagonistas del encuentro: 60 Aniversario\u00a0<\/strong><\/span><\/p>\n<p style=\"text-align: center;\"><iframe loading=\"lazy\" src=\"https:\/\/www.youtube.com\/embed\/odFpw9cGiO8?wmode=transparent\" width=\"560\" height=\"315\" frameborder=\"0\" allowfullscreen=\"allowfullscreen\"><\/iframe><\/p>\n<p style=\"text-align: center;\"><strong>Video Institucional proyectado en el Acto Acad\u00e9mico del Ciclo Lectivo 2015<\/strong><\/p>\n<p><iframe loading=\"lazy\" src=\"https:\/\/www.youtube.com\/embed\/ZZOh0r1FrkY?wmode=transparent\" width=\"560\" height=\"315\" frameborder=\"0\"><\/iframe><\/p>\n<p style=\"text-align: center;\"><strong>Video Institucional proyectado en el Acto Acad\u00e9mico del Ciclo Lectivo 2014<\/strong><\/p>\n<p><iframe loading=\"lazy\" src=\"\/\/www.youtube.com\/embed\/L4iWruiC1eY?wmode=transparent\" width=\"420\" height=\"315\" frameborder=\"0\"><\/iframe><\/p>\n<p style=\"text-align: center;\"><strong>Publicidad &#8211; Oferta educativa<\/strong><\/p>\n<p style=\"text-align: center;\"><iframe loading=\"lazy\" src=\"\/\/www.youtube.com\/embed\/xt1NWtvYQm8?wmode=transparent\" width=\"420\" height=\"315\" frameborder=\"0\"><\/iframe><\/p>\n<p style=\"text-align: center;\"><strong>Video Institucional proyectado en el Acto Acad\u00e9mico del Ciclo Lectivo 2013<\/strong><\/p>\n<p><iframe loading=\"lazy\" src=\"\/\/www.youtube.com\/embed\/Fh14QpYN1hU?wmode=transparent\" width=\"560\" height=\"315\" frameborder=\"0\"><\/iframe><\/p>\n<p style=\"text-align: center;\"><strong>Video Institucional proyectado en el Acto Acad\u00e9mico del Ciclo Lectivo 2012<\/strong><\/p>\n<p><iframe loading=\"lazy\" src=\"\/\/www.youtube.com\/embed\/j0tz-c6I6gE?wmode=transparent\" width=\"420\" height=\"315\" frameborder=\"0\"><\/iframe><\/p>\n<\/div>\n","protected":false},"excerpt":{"rendered":"<p>Video Institucional proyectado en el Acto Acad\u00e9mico del Ciclo Lectivo 2024 Video Institucional proyectado en el Acto Acad\u00e9mico del Ciclo Lectivo 2023 Video Institucional proyectado en el Acto Acad\u00e9mico del Ciclo Lectivo 2021 Video Institucional proyectado en el Acto Acad\u00e9mico del Ciclo Lectivo 2019 Video Institucional proyectado en el Acto Acad\u00e9mico del Ciclo Lectivo 2016 &#8230; <a title=\"Videos Institucionales\" class=\"read-more\" href=\"https:\/\/enscdbustos-cba.infd.edu.ar\/sitio\/videos-institucionales\/\" aria-label=\"More on Videos Institucionales\">[+]<\/a><\/p>\n","protected":false},"author":11,"featured_media":0,"parent":0,"menu_order":0,"comment_status":"closed","ping_status":"closed","template":"","meta":[],"acf":[],"_links":{"self":[{"href":"https:\/\/enscdbustos-cba.infd.edu.ar\/sitio\/wp-json\/wp\/v2\/pages\/917"}],"collection":[{"href":"https:\/\/enscdbustos-cba.infd.edu.ar\/sitio\/wp-json\/wp\/v2\/pages"}],"about":[{"href":"https:\/\/enscdbustos-cba.infd.edu.ar\/sitio\/wp-json\/wp\/v2\/types\/page"}],"author":[{"embeddable":true,"href":"https:\/\/enscdbustos-cba.infd.edu.ar\/sitio\/wp-json\/wp\/v2\/users\/11"}],"replies":[{"embeddable":true,"href":"https:\/\/enscdbustos-cba.infd.edu.ar\/sitio\/wp-json\/wp\/v2\/comments?post=917"}],"version-history":[{"count":8,"href":"https:\/\/enscdbustos-cba.infd.edu.ar\/sitio\/wp-json\/wp\/v2\/pages\/917\/revisions"}],"predecessor-version":[{"id":1526,"href":"https:\/\/enscdbustos-cba.infd.edu.ar\/sitio\/wp-json\/wp\/v2\/pages\/917\/revisions\/1526"}],"wp:attachment":[{"href":"https:\/\/enscdbustos-cba.infd.edu.ar\/sitio\/wp-json\/wp\/v2\/media?parent=917"}],"curies":[{"name":"wp","href":"https:\/\/api.w.org\/{rel}","templated":true}]}}