{"id":912,"date":"2018-08-30T11:29:22","date_gmt":"2018-08-30T14:29:22","guid":{"rendered":"https:\/\/enscdbustos-cba.infd.edu.ar\/sitio\/coordinacion-institucional-de-politicas-estudiantiles\/"},"modified":"2025-10-28T20:57:39","modified_gmt":"2025-10-28T23:57:39","slug":"coordinacion-institucional-de-politicas-estudiantiles","status":"publish","type":"page","link":"https:\/\/enscdbustos-cba.infd.edu.ar\/sitio\/coordinacion-institucional-de-politicas-estudiantiles\/","title":{"rendered":"Coordinaci\u00f3n Institucional de Pol\u00edticas Estudiantiles"},"content":{"rendered":"\n<div class=\"wp-block-group has-contrast-color has-light-green-cyan-to-vivid-green-cyan-gradient-background has-text-color has-background has-medium-font-size is-layout-constrained\"><div class=\"wp-block-group__inner-container\">\n<h2><span style=\"font-family: georgia, palatino; font-size: 10pt; color: #003366;\">El\u00a0<strong>\u00c1rea de Pol\u00edticas Estudiantiles<\/strong>\u00a0es una l\u00ednea de acci\u00f3n nacional y jurisdiccional\u00a0 que promueve e implementa pol\u00edticas universales centradas en los estudiantes y desarrolladas junto con ellos.<\/span><\/h2>\n<h4><span style=\"font-family: georgia, palatino; font-size: 10pt; color: #003366;\">La construcci\u00f3n de este espacio es producto de la implementaci\u00f3n de las nuevas pol\u00edticas educativas destinadas\u00a0 a los institutos de formaci\u00f3n docente donde el eje principal est\u00e1 puesto en la democratizaci\u00f3n de los espacios institucionales que van de la mano de un fuerte compromiso con la participaci\u00f3n de j\u00f3venes en dichos espacios institucionales.<\/span><\/h4>\n<h4><span style=\"font-family: georgia, palatino; font-size: 10pt; color: #003366;\">Toda pol\u00edtica estudiantil debe partir del reconocimiento de los sujetos a los cuales tiene como\u00a0 interlocutores. Pensar en los j\u00f3venes y adultos que transitan los ISFD en la actualidad implica\u00a0 reconocer algunas problem\u00e1ticas que las\/los atraviesan y analizar ciertas representaciones que\u00a0 habitan en las instituciones formadoras.<\/span><\/h4>\n<h4><span style=\"color: #003366; font-family: georgia, palatino; font-size: 10pt;\">Para ello debemos hacerlo desde una perspectiva\u00a0 hist\u00f3rica, social y cultural, que permita pensar a los estudiantes desde su heterogeneidad.\u00a0 Del mismo modo, es necesario partir de reconocer a las\/los estudiantes como sujetos de derecho,\u00a0 y que como tales, poseen tambi\u00e9n obligaciones y responsabilidades que hacen a la construcci\u00f3n\u00a0 de ciudadan\u00eda.<\/span><\/h4>\n<h4><span style=\"color: #003366; font-family: georgia, palatino; font-size: 10pt;\">Si bien en la Educaci\u00f3n Superior hay estudiantes j\u00f3venes y adultos, un alto porcentaje de los\u00a0 alumnos que circulan por los ISFD son j\u00f3venes. Por lo que, necesariamente, cualquier pol\u00edtica\u00a0 estudiantil que los tiene como sujetos constituye tambi\u00e9n una pol\u00edtica de juventud.<\/span><\/h4>\n<h4><span style=\"color: #003366; font-family: georgia, palatino; font-size: 10pt;\">Entre las acciones m\u00e1s importantes que se vienen desarrollando son:<\/span><\/h4>\n<h4><span style=\"font-family: georgia, palatino; font-size: 10pt; color: #003366;\">1-Reconocer a los estudiantes como sujetos hist\u00f3ricos y pol\u00edticos capaces de demandar, organizarse y transformar aquellos procesos en los que se involucran.<\/span><\/h4>\n<h4><span style=\"font-family: georgia, palatino; font-size: 10pt; color: #003366;\">2- Favorecer el fortalecimiento de las trayectorias de los estudiantes de formaci\u00f3n docente.<\/span><\/h4>\n<h4><span style=\"font-family: georgia, palatino; font-size: 10pt; color: #003366;\">3- Habilitar en conjunto con otros actores institucionales espacios de construcci\u00f3n de proyectos con participaci\u00f3n real de los estudiantes, entendida como un proceso que se desarrolla en el aula y m\u00e1s all\u00e1 de las mismas.<\/span><\/h4>\n<h4><span style=\"font-family: georgia, palatino; font-size: 10pt; color: #003366;\">4- Acompa\u00f1ar las diversas l\u00edneas de trabajo que requieran de tareas de gesti\u00f3n de tipo t\u00e9cnico-administrativo.<\/span><\/h4>\n<h4><span style=\"font-family: georgia, palatino; font-size: 10pt; color: #003366;\">5- Coadyudar a que los equipos directivos de los IFD habiliten espacios de participaci\u00f3n de todos los actores institucionales.<\/span><\/h4>\n<h4><span style=\"font-family: georgia, palatino; font-size: 10pt; color: #003366;\">6- Difundir y promover las acciones que se desarrollen en el marco del \u00c1rea Pol\u00edticas Estudiantiles.<\/span><\/h4>\n<h4><span style=\"font-family: georgia, palatino; font-size: 10pt; color: #003366;\">El Instituto Superior de Formaci\u00f3n Docente de la Escuela Normal Superior \u201cMaestros Argentinos\u201d viene acompa\u00f1ando desde varios a\u00f1os las trayectorias de los estudiantes a trav\u00e9s de diferentes acciones y proyectos como lo es: la \u00a0conformaci\u00f3n del Centro de Estudiantes; organizaci\u00f3n de viajes educativos para mejorar la calidad de los aprendizajes; desarrollando talleres y jornadas de reflexi\u00f3n.<\/span><\/h4>\n<p style=\"padding-left: 160px;\"><iframe loading=\"lazy\" src=\"\/\/www.youtube.com\/embed\/CB42BoQWB04?wmode=transparent\" width=\"560\" height=\"315\" frameborder=\"0\"><\/iframe><\/p>\n<p>\u00a0<\/p>\n<\/div><\/div>\n","protected":false},"excerpt":{"rendered":"<p>El\u00a0\u00c1rea de Pol\u00edticas Estudiantiles\u00a0es una l\u00ednea de acci\u00f3n nacional y jurisdiccional\u00a0 que promueve e implementa pol\u00edticas universales centradas en los estudiantes y desarrolladas junto con ellos. La construcci\u00f3n de este espacio es producto de la implementaci\u00f3n de las nuevas pol\u00edticas educativas destinadas\u00a0 a los institutos de formaci\u00f3n docente donde el eje principal est\u00e1 puesto en &#8230; <a title=\"Coordinaci\u00f3n Institucional de Pol\u00edticas Estudiantiles\" class=\"read-more\" href=\"https:\/\/enscdbustos-cba.infd.edu.ar\/sitio\/coordinacion-institucional-de-politicas-estudiantiles\/\" aria-label=\"More on Coordinaci\u00f3n Institucional de Pol\u00edticas Estudiantiles\">[+]<\/a><\/p>\n","protected":false},"author":11,"featured_media":0,"parent":0,"menu_order":0,"comment_status":"closed","ping_status":"closed","template":"","meta":[],"acf":[],"_links":{"self":[{"href":"https:\/\/enscdbustos-cba.infd.edu.ar\/sitio\/wp-json\/wp\/v2\/pages\/912"}],"collection":[{"href":"https:\/\/enscdbustos-cba.infd.edu.ar\/sitio\/wp-json\/wp\/v2\/pages"}],"about":[{"href":"https:\/\/enscdbustos-cba.infd.edu.ar\/sitio\/wp-json\/wp\/v2\/types\/page"}],"author":[{"embeddable":true,"href":"https:\/\/enscdbustos-cba.infd.edu.ar\/sitio\/wp-json\/wp\/v2\/users\/11"}],"replies":[{"embeddable":true,"href":"https:\/\/enscdbustos-cba.infd.edu.ar\/sitio\/wp-json\/wp\/v2\/comments?post=912"}],"version-history":[{"count":5,"href":"https:\/\/enscdbustos-cba.infd.edu.ar\/sitio\/wp-json\/wp\/v2\/pages\/912\/revisions"}],"predecessor-version":[{"id":1580,"href":"https:\/\/enscdbustos-cba.infd.edu.ar\/sitio\/wp-json\/wp\/v2\/pages\/912\/revisions\/1580"}],"wp:attachment":[{"href":"https:\/\/enscdbustos-cba.infd.edu.ar\/sitio\/wp-json\/wp\/v2\/media?parent=912"}],"curies":[{"name":"wp","href":"https:\/\/api.w.org\/{rel}","templated":true}]}}