{"id":906,"date":"2018-08-30T11:29:20","date_gmt":"2018-08-30T14:29:20","guid":{"rendered":"https:\/\/enscdbustos-cba.infd.edu.ar\/sitio\/practica-docente-y-residencia\/"},"modified":"2023-10-11T21:19:04","modified_gmt":"2023-10-12T00:19:04","slug":"practica-docente-y-residencia","status":"publish","type":"page","link":"https:\/\/enscdbustos-cba.infd.edu.ar\/sitio\/practica-docente-y-residencia\/","title":{"rendered":"Pr\u00e1ctica Docente y Residencia"},"content":{"rendered":"<p style=\"padding-left: 30px; text-align: left;\"><span style=\"font-family: georgia,palatino; color: #003366; font-size: 12pt;\">El\u00a0trayecto de la Pr\u00e1ctica Docente promueve una aproximaci\u00f3n al campo de intervenci\u00f3n profesional docente y al conjunto de tareas que en \u00e9l se desarrollan.<\/span><\/p>\n<p style=\"padding-left: 30px; text-align: left;\"><span style=\"font-family: georgia,palatino; color: #003366; font-size: 12pt;\">La perspectiva de reflexividad, que orienta esta propuesta, necesita ser adoptada y practicada como una manera de ejercer la cr\u00edtica, desde un compromiso epistemol\u00f3gico, \u00e9tico y pol\u00edtico. Esto significa aprender y ense\u00f1ar a comprender en cada circunstancia, en cada situaci\u00f3n, en diferentes sujetos, las m\u00faltiples formas de manifestaci\u00f3n de los gestos del oficio. Aprender una cultura del trabajo sobre la base del di\u00e1logo, la colaboraci\u00f3n y apertura a la cr\u00edtica.<\/span><\/p>\n<p style=\"padding-left: 30px; text-align: left;\"><span style=\"font-family: georgia,palatino; color: #003366; font-size: 12pt;\">De este modo, esta secci\u00f3n se constituye en un espacio de\u00a0socializaci\u00f3n que permita interrogar las experiencias de pr\u00e1cticas. Se trata de visibilizar las pr\u00e1cticas, para pensar y pensar-se dando lugar a la palabra y a la escritura en las pr\u00e1cticas cotidianas. <\/span><\/p>\n<p class=\"Texto_verdana\" style=\"text-align: left;\">\n<p style=\"text-align: left;\"><span style=\"color: #000000; font-size: 12pt; font-family: georgia, palatino;\" data-mce-mark=\"1\">\u00a0Desde el\u00a0<span style=\"font-size: 12pt; font-family: georgia, palatino;\" data-mce-mark=\"1\">ciclo lectivo 2012 se realiza el \u00ab<strong>Foro de Socializaci\u00f3n de Trayectos Formativos de Pr\u00e1ctica Docente<\/strong>\u00bb donde se comparten proyectos, experiencias y aprendizajes.\u00a0<\/span><\/span><\/p>\n<p style=\"text-align: left;\"><span style=\"color: #0000ff; font-size: 12pt; font-family: georgia, palatino;\" data-mce-mark=\"1\"><span style=\"color: #003366;\" data-mce-mark=\"1\"><img decoding=\"async\" class=\"aligncenter\" title=\"\" src=\"https:\/\/enscdbustos-cba.infd.edu.ar\/sitio\/wp-content\/uploads\/2018\/08\/foro.png\" alt=\"\" border=\"0\" \/><\/span><\/span><\/p>\n","protected":false},"excerpt":{"rendered":"<p>El\u00a0trayecto de la Pr\u00e1ctica Docente promueve una aproximaci\u00f3n al campo de intervenci\u00f3n profesional docente y al conjunto de tareas que en \u00e9l se desarrollan. La perspectiva de reflexividad, que orienta esta propuesta, necesita ser adoptada y practicada como una manera de ejercer la cr\u00edtica, desde un compromiso epistemol\u00f3gico, \u00e9tico y pol\u00edtico. Esto significa aprender y &#8230; <a title=\"Pr\u00e1ctica Docente y Residencia\" class=\"read-more\" href=\"https:\/\/enscdbustos-cba.infd.edu.ar\/sitio\/practica-docente-y-residencia\/\" aria-label=\"More on Pr\u00e1ctica Docente y Residencia\">[+]<\/a><\/p>\n","protected":false},"author":11,"featured_media":0,"parent":0,"menu_order":0,"comment_status":"closed","ping_status":"closed","template":"","meta":[],"acf":[],"_links":{"self":[{"href":"https:\/\/enscdbustos-cba.infd.edu.ar\/sitio\/wp-json\/wp\/v2\/pages\/906"}],"collection":[{"href":"https:\/\/enscdbustos-cba.infd.edu.ar\/sitio\/wp-json\/wp\/v2\/pages"}],"about":[{"href":"https:\/\/enscdbustos-cba.infd.edu.ar\/sitio\/wp-json\/wp\/v2\/types\/page"}],"author":[{"embeddable":true,"href":"https:\/\/enscdbustos-cba.infd.edu.ar\/sitio\/wp-json\/wp\/v2\/users\/11"}],"replies":[{"embeddable":true,"href":"https:\/\/enscdbustos-cba.infd.edu.ar\/sitio\/wp-json\/wp\/v2\/comments?post=906"}],"version-history":[{"count":1,"href":"https:\/\/enscdbustos-cba.infd.edu.ar\/sitio\/wp-json\/wp\/v2\/pages\/906\/revisions"}],"predecessor-version":[{"id":1412,"href":"https:\/\/enscdbustos-cba.infd.edu.ar\/sitio\/wp-json\/wp\/v2\/pages\/906\/revisions\/1412"}],"wp:attachment":[{"href":"https:\/\/enscdbustos-cba.infd.edu.ar\/sitio\/wp-json\/wp\/v2\/media?parent=906"}],"curies":[{"name":"wp","href":"https:\/\/api.w.org\/{rel}","templated":true}]}}