{"id":286,"date":"2016-10-31T13:17:59","date_gmt":"2016-10-31T16:17:59","guid":{"rendered":"https:\/\/enscdbustos-cba.infd.edu.ar\/sitio\/?page_id=286"},"modified":"2023-10-17T21:34:20","modified_gmt":"2023-10-18T00:34:20","slug":"inicio","status":"publish","type":"page","link":"https:\/\/enscdbustos-cba.infd.edu.ar\/sitio\/","title":{"rendered":"Inicio"},"content":{"rendered":"<p style=\"text-align: center;\"><strong><span style=\"font-family: arial, helvetica, sans-serif; color: #000000;\"><span style=\"font-size: 24pt;\"><span style=\"font-family: georgia,palatino;\"><span style=\"font-size: 18pt;\">INSTITUTO\u00a0 DE EDUCACI\u00d3N SUPERIOR<\/span><\/span><\/span><\/span><\/strong><\/p>\n<p style=\"text-align: center;\"><span style=\"color: #000000;\"><strong><span style=\"font-family: arial, helvetica, sans-serif;\"><span style=\"font-size: 24pt;\"><span style=\"font-family: georgia,palatino;\"><span style=\"font-size: 18pt;\">ESCUELA NORMAL SUPERIOR<\/span><\/span><\/span><\/span><\/strong><\/span><\/p>\n<p style=\"text-align: center;\"><span style=\"color: #000000; font-family: arial, helvetica, sans-serif;\"><span style=\"font-size: 24pt;\"><span style=\"font-family: georgia,palatino;\"><span style=\"font-size: 18pt;\"><strong>\u00a0\u00abMaestros Argentinos\u00bb<\/strong><\/span><\/span><\/span><\/span><\/p>\n<p style=\"text-align: center;\"><span style=\"font-size: 12pt;\"><span style=\"color: #000000; font-family: Verdana;\"><strong><span style=\"color: #000000;\"><span style=\"font-family: Arial;\"><span style=\"font-size: 14pt;\">Corral de Bustos Ifflinger <\/span><\/span><span style=\"font-family: Arial;\"><span style=\"font-size: 14pt;\">&#8211; C\u00f3rdoba<\/span><\/span><\/span><\/strong><\/span><\/span><\/p>\n<p><strong style=\"text-align: center; color: #000000; font-family: georgia, palatino; font-size: 24px;\">\u00a0<\/strong><\/p>\n<p><span style=\"font-size: 12pt;\"><span style=\"color: #000000; font-family: Verdana;\"><strong>\u00a0 \u00a0 \u00a0 \u00a0 \u00a0 \u00a0 \u00a0 \u00a0 \u00a0 \u00a0 \u00a0 \u00a0 \u00a0 \u00a0 \u00a0 \u00a0 \u00a0 \u00a0 \u00a0 \u00a0 \u00a0 \u00a0 \u00a0 \u00a0 \u00a0 \u00a0 \u00a0 \u00a0 \u00a0 <img decoding=\"async\" loading=\"lazy\" class=\"wp-image-1385 aligncenter\" src=\"https:\/\/enscdbustos-cba.infd.edu.ar\/sitio\/wp-content\/uploads\/2023\/09\/WhatsApp-Image-2023-09-12-at-18.06.24-1000x750.jpeg\" alt=\"\" width=\"727\" height=\"545\" srcset=\"https:\/\/enscdbustos-cba.infd.edu.ar\/sitio\/wp-content\/uploads\/2023\/09\/WhatsApp-Image-2023-09-12-at-18.06.24-1000x750.jpeg 1000w, https:\/\/enscdbustos-cba.infd.edu.ar\/sitio\/wp-content\/uploads\/2023\/09\/WhatsApp-Image-2023-09-12-at-18.06.24-768x576.jpeg 768w, https:\/\/enscdbustos-cba.infd.edu.ar\/sitio\/wp-content\/uploads\/2023\/09\/WhatsApp-Image-2023-09-12-at-18.06.24.jpeg 1280w\" sizes=\"(max-width: 727px) 100vw, 727px\" \/><\/strong><\/span><\/span><\/p>\n<p><span style=\"color: #000000;\"><strong><span style=\"font-family: arial, helvetica, sans-serif;\"><span style=\"font-size: 24pt;\"><span style=\"font-family: georgia,palatino;\"><span style=\"font-size: 18pt;\"><strong style=\"text-align: center; color: #000000; font-family: georgia, palatino; font-size: 24px;\"><img decoding=\"async\" loading=\"lazy\" class=\"wp-image-1373 aligncenter\" src=\"https:\/\/enscdbustos-cba.infd.edu.ar\/sitio\/wp-content\/uploads\/2023\/09\/Escudo-ultima-ENS-705x1000.png\" alt=\"\" width=\"173\" height=\"246\" srcset=\"https:\/\/enscdbustos-cba.infd.edu.ar\/sitio\/wp-content\/uploads\/2023\/09\/Escudo-ultima-ENS-705x1000.png 705w, https:\/\/enscdbustos-cba.infd.edu.ar\/sitio\/wp-content\/uploads\/2023\/09\/Escudo-ultima-ENS-1340x1900.png 1340w, https:\/\/enscdbustos-cba.infd.edu.ar\/sitio\/wp-content\/uploads\/2023\/09\/Escudo-ultima-ENS-768x1089.png 768w, https:\/\/enscdbustos-cba.infd.edu.ar\/sitio\/wp-content\/uploads\/2023\/09\/Escudo-ultima-ENS-1083x1536.png 1083w, https:\/\/enscdbustos-cba.infd.edu.ar\/sitio\/wp-content\/uploads\/2023\/09\/Escudo-ultima-ENS-1444x2048.png 1444w, https:\/\/enscdbustos-cba.infd.edu.ar\/sitio\/wp-content\/uploads\/2023\/09\/Escudo-ultima-ENS.png 1750w\" sizes=\"(max-width: 173px) 100vw, 173px\" \/><\/strong><\/span><\/span><\/span><\/span><\/strong><\/span><\/p>\n<h1><span style=\"font-size: 10pt;\">El <strong><span style=\"color: #333399;\">Institu<\/span><\/strong><\/span><span style=\"font-size: 10pt;\"><strong><span style=\"color: #333399;\">to Superior de Formaci\u00f3n Docente de la Escuela Normal Superior \u00abMaestros Argentinos\u00bb<\/span><\/strong> forma parte del sistema de educaci\u00f3n p\u00fablica nacional de gesti\u00f3n estatal.\u00a0<\/span><\/h1>\n<h2><span style=\"font-size: 10pt;\">A trav\u00e9s de este sitio en Internet, esta instituci\u00f3n comunica novedades, acerca informac<\/span><span style=\"font-size: 10pt;\">i\u00f3n, comparte experiencias y brinda apoyo y asesoramiento a\u00a0estudiantes, docentes e interesados en formar parte de esta comunidad educativa.<\/span><span style=\"font-size: 10pt;\">\u00a0<\/span><\/h2>\n<div id=\"metaslider-id-403\" style=\"width: 100%;\" class=\"ml-slider-3-33-0 metaslider metaslider-flex metaslider-403 ml-slider ms-theme-default\" role=\"region\" aria-roledescription=\"Slideshow\" aria-label=\"Slideshow\">\n    <div id=\"metaslider_container_403\">\n        <div id=\"metaslider_403\" class=\"flexslider\">\n            <ul aria-live=\"polite\" class=\"slides\">\n                <li style=\"display: block; width: 100%;\" class=\"slide-607 ms-image\" aria-roledescription=\"slide\" aria-label=\"slide-607\"><a href=\"https:\/\/mapa.infd.edu.ar\/\" target=\"_blank\"><img src=\"https:\/\/enscdbustos-cba.infd.edu.ar\/sitio\/wp-content\/uploads\/2018\/06\/mapa_infd6-1100x200.png\" height=\"200\" width=\"1100\" alt=\"\" class=\"slider-403 slide-607\" title=\"mapa_infd6\" \/><\/a><\/li>\n                <li style=\"display: none; width: 100%;\" class=\"slide-609 ms-image\" aria-roledescription=\"slide\" aria-label=\"slide-609\"><a href=\"https:\/\/www.argentina.gob.ar\/educacion\/becas\" target=\"_blank\"><img src=\"https:\/\/enscdbustos-cba.infd.edu.ar\/sitio\/wp-content\/uploads\/2018\/06\/becas7-1100x200.png\" height=\"200\" width=\"1100\" alt=\"\" class=\"slider-403 slide-609\" title=\"becas7\" \/><\/a><\/li>\n                <li style=\"display: none; width: 100%;\" class=\"slide-635 ms-image\" aria-roledescription=\"slide\" aria-label=\"slide-635\"><a href=\"https:\/\/www.argentina.gob.ar\/tema\/estudiar\/formacion-docencia\" target=\"_blank\"><img src=\"https:\/\/enscdbustos-cba.infd.edu.ar\/sitio\/wp-content\/uploads\/2018\/06\/convocatorias_slide6-1-1100x200.png\" height=\"200\" width=\"1100\" alt=\"\" class=\"slider-403 slide-635\" title=\"convocatorias_slide6-1\" \/><\/a><\/li>\n            <\/ul>\n        <\/div>\n        \n    <\/div>\n<\/div>\n","protected":false},"excerpt":{"rendered":"<p>INSTITUTO\u00a0 DE EDUCACI\u00d3N SUPERIOR ESCUELA NORMAL SUPERIOR \u00a0\u00abMaestros Argentinos\u00bb Corral de Bustos Ifflinger &#8211; C\u00f3rdoba \u00a0 \u00a0 \u00a0 \u00a0 \u00a0 \u00a0 \u00a0 \u00a0 \u00a0 \u00a0 \u00a0 \u00a0 \u00a0 \u00a0 \u00a0 \u00a0 \u00a0 \u00a0 \u00a0 \u00a0 \u00a0 \u00a0 \u00a0 \u00a0 \u00a0 \u00a0 \u00a0 \u00a0 \u00a0 \u00a0 El Instituto Superior de Formaci\u00f3n Docente de la Escuela Normal &#8230; <a title=\"Inicio\" class=\"read-more\" href=\"https:\/\/enscdbustos-cba.infd.edu.ar\/sitio\/\" aria-label=\"More on Inicio\">[+]<\/a><\/p>\n","protected":false},"author":619,"featured_media":0,"parent":0,"menu_order":0,"comment_status":"closed","ping_status":"closed","template":"","meta":[],"acf":[],"_links":{"self":[{"href":"https:\/\/enscdbustos-cba.infd.edu.ar\/sitio\/wp-json\/wp\/v2\/pages\/286"}],"collection":[{"href":"https:\/\/enscdbustos-cba.infd.edu.ar\/sitio\/wp-json\/wp\/v2\/pages"}],"about":[{"href":"https:\/\/enscdbustos-cba.infd.edu.ar\/sitio\/wp-json\/wp\/v2\/types\/page"}],"author":[{"embeddable":true,"href":"https:\/\/enscdbustos-cba.infd.edu.ar\/sitio\/wp-json\/wp\/v2\/users\/619"}],"replies":[{"embeddable":true,"href":"https:\/\/enscdbustos-cba.infd.edu.ar\/sitio\/wp-json\/wp\/v2\/comments?post=286"}],"version-history":[{"count":102,"href":"https:\/\/enscdbustos-cba.infd.edu.ar\/sitio\/wp-json\/wp\/v2\/pages\/286\/revisions"}],"predecessor-version":[{"id":1443,"href":"https:\/\/enscdbustos-cba.infd.edu.ar\/sitio\/wp-json\/wp\/v2\/pages\/286\/revisions\/1443"}],"wp:attachment":[{"href":"https:\/\/enscdbustos-cba.infd.edu.ar\/sitio\/wp-json\/wp\/v2\/media?parent=286"}],"curies":[{"name":"wp","href":"https:\/\/api.w.org\/{rel}","templated":true}]}}